{"id":8175,"date":"2026-03-30T09:53:44","date_gmt":"2026-03-30T06:53:44","guid":{"rendered":"https:\/\/dahmira.pl\/?post_type=product&#038;p=8175"},"modified":"2026-03-30T15:11:07","modified_gmt":"2026-03-30T12:11:07","slug":"dozownik-przeciw-osadom-wapiennym-i-korozji-noleak-1-2","status":"publish","type":"product","link":"https:\/\/dahmira.pl\/en\/product\/dozownik-przeciw-osadom-wapiennym-i-korozji-noleak-1-2\/","title":{"rendered":"Dozownik przeciw osadom wapiennym i korozji Noleak 1\u00bd&#8221;"},"content":{"rendered":"<h3 style=\"text-align: center;\">Dane techniczne<\/h3>\n<table class=\"product-table\" width=\"0\">\n<thead>\n<tr>\n<td width=\"155\"><strong>Dane og\u00f3lne<\/strong><\/td>\n<td colspan=\"3\" width=\"169\"><strong>Warto\u015bci<\/strong><\/td>\n<td colspan=\"2\" width=\"236\"><strong>Charakterystyki<\/strong><\/td>\n<\/tr>\n<\/thead>\n<tbody>\n<tr>\n<td style=\"text-align: left;\" rowspan=\"2\" width=\"155\">Maksymalne ci\u015bnienie robocze<\/td>\n<td rowspan=\"2\" width=\"60\">6 bar<\/td>\n<td rowspan=\"2\" width=\"59\">60 MCA<\/td>\n<td rowspan=\"2\" width=\"50\">85 PSI<\/td>\n<td style=\"text-align: left;\" width=\"106\">Obudowa<\/td>\n<td style=\"text-align: left;\" width=\"130\">PP i PET<\/td>\n<\/tr>\n<tr>\n<td style=\"text-align: left;\" width=\"106\">Uszczelnienie<\/td>\n<td style=\"text-align: left;\" width=\"130\">Guma nitrylowa<\/td>\n<\/tr>\n<tr>\n<td style=\"text-align: left;\" rowspan=\"2\" width=\"155\">Maksymalna temperatura<\/td>\n<td style=\"text-align: left;\" colspan=\"3\" rowspan=\"2\" width=\"169\">PET &#8211; 45\u00b0C\/113\u00b0F<\/td>\n<td style=\"text-align: left;\" width=\"106\">Wymiary<\/td>\n<td style=\"text-align: left;\" width=\"130\">410 \u00d7 130 mm<\/td>\n<\/tr>\n<tr>\n<td colspan=\"2\" width=\"236\"><strong>Wk\u0142ad<\/strong><\/td>\n<\/tr>\n<tr>\n<td style=\"text-align: left;\" width=\"155\">Rodzaj przy\u0142\u0105cza<\/td>\n<td style=\"text-align: left;\" colspan=\"3\" width=\"169\">1\u00bd&#8221; Gwint wewn\u0119trzny (BSP &#8211; NPT)<\/td>\n<td style=\"text-align: left;\" width=\"106\">RF400<\/td>\n<td style=\"text-align: left;\" width=\"130\">Wk\u0142ad Noleak<\/td>\n<\/tr>\n<tr>\n<td style=\"text-align: left;\">Maksymalny przep\u0142yw<\/td>\n<td style=\"text-align: left;\" colspan=\"3\" width=\"169\">8,5 m\u00b3\/godz.<\/td>\n<td style=\"text-align: left;\" width=\"106\">Wydajno\u015b\u0107<\/td>\n<td style=\"text-align: left;\" width=\"130\">do 250 000 l<\/td>\n<\/tr>\n<\/tbody>\n<\/table>\n<h3 style=\"text-align: center;\"><strong>Zastosowanie<\/strong><\/h3>\n<p>Urz\u0105dzenie nale\u017cy zainstalowa\u0107 pomi\u0119dzy zbiornikiem na wod\u0119 a poid\u0142em w kurniku, po jednym na ka\u017cdy kurnik lub na ka\u017cde 35 000 sztuk drobiu. Nale\u017cy sprawdzi\u0107, czy lokalny przep\u0142yw wody odpowiada warto\u015bciom podanym na g\u0142owicy urz\u0105dzenia.<\/p>\n<p>Nadaje si\u0119 do system\u00f3w zaopatrzenia w wod\u0119 o niskim ci\u015bnieniu w fermach drobiu, \u0142atwe w obs\u0142udze dla operator\u00f3w.<\/p>\n<h3 style=\"text-align: center;\"><img loading=\"lazy\" decoding=\"async\" class=\"alignnone wp-image-8525\" src=\"https:\/\/dahmira.pl\/wp-content\/uploads\/2026\/03\/Noleak1-e1774615622638.png\" alt=\"\" width=\"1011\" height=\"307\" \/><\/h3>\n","protected":false},"excerpt":{"rendered":"<p>Dozownik Noleak\u00ae Kobra s\u0142u\u017cy do ograniczenia problem\u00f3w z kapaniem wody z poide\u0142 (typu smoczkowego) oraz poprawy jako\u015bci wody poprzez eliminacj\u0119 korozji i osad\u00f3w wapiennych w liniach pojenia drobiu, spowodowanych korozyjno\u015bci\u0105 lub twardo\u015bci\u0105 wody. Ponadto zapobiega namna\u017caniu si\u0119 mikroorganizm\u00f3w i powstawaniu amoniaku w wyniku niekontrolowanego zawilgocenia \u015bci\u00f3\u0142ki w kurniku.<\/p>\n<p>Dozownik Kobra Noleak\u00ae posiada system kontrolowanego i sta\u0142ego dozowania wk\u0142ad\u00f3w Noleak\u00ae, a przezroczysta obudowa pozwala okre\u015bli\u0107 moment koniecznej wymiany.<\/p>\n","protected":false},"featured_media":8174,"comment_status":"open","ping_status":"closed","template":"","meta":[],"product_cat":[126],"product_tag":[],"_links":{"self":[{"href":"https:\/\/dahmira.pl\/en\/wp-json\/wp\/v2\/product\/8175"}],"collection":[{"href":"https:\/\/dahmira.pl\/en\/wp-json\/wp\/v2\/product"}],"about":[{"href":"https:\/\/dahmira.pl\/en\/wp-json\/wp\/v2\/types\/product"}],"replies":[{"embeddable":true,"href":"https:\/\/dahmira.pl\/en\/wp-json\/wp\/v2\/comments?post=8175"}],"wp:featuredmedia":[{"embeddable":true,"href":"https:\/\/dahmira.pl\/en\/wp-json\/wp\/v2\/media\/8174"}],"wp:attachment":[{"href":"https:\/\/dahmira.pl\/en\/wp-json\/wp\/v2\/media?parent=8175"}],"wp:term":[{"taxonomy":"product_cat","embeddable":true,"href":"https:\/\/dahmira.pl\/en\/wp-json\/wp\/v2\/product_cat?post=8175"},{"taxonomy":"product_tag","embeddable":true,"href":"https:\/\/dahmira.pl\/en\/wp-json\/wp\/v2\/product_tag?post=8175"}],"curies":[{"name":"wp","href":"https:\/\/api.w.org\/{rel}","templated":true}]}}