{"id":8170,"date":"2026-03-27T15:36:35","date_gmt":"2026-03-27T12:36:35","guid":{"rendered":"https:\/\/dahmira.pl\/?post_type=product&#038;p=8170"},"modified":"2026-03-30T15:09:43","modified_gmt":"2026-03-30T12:09:43","slug":"chlorator-1-2","status":"publish","type":"product","link":"https:\/\/dahmira.pl\/en\/product\/chlorator-1-2\/","title":{"rendered":"Chlorator 1\u00bd&#8221;"},"content":{"rendered":"<h3 style=\"text-align: center;\">Dane techniczne<\/h3>\n<table class=\"product-table\" width=\"0\">\n<thead>\n<tr>\n<td width=\"155\"><strong>Dane og\u00f3lne<\/strong><\/td>\n<td colspan=\"3\" width=\"169\"><strong>Warto\u015bci<\/strong><\/td>\n<td colspan=\"2\" width=\"236\"><strong>Charakterystyki<\/strong><\/td>\n<\/tr>\n<\/thead>\n<tbody>\n<tr>\n<td style=\"text-align: left;\" rowspan=\"2\" width=\"155\">Maksymalne ci\u015bnienie robocze<\/td>\n<td rowspan=\"2\" width=\"60\">0,7 bar<\/td>\n<td rowspan=\"2\" width=\"59\">7 MCA<\/td>\n<td rowspan=\"2\" width=\"50\">10 PSI<\/td>\n<td style=\"text-align: left;\" width=\"106\">Obudowa<\/td>\n<td style=\"text-align: left;\" width=\"130\">PP i PET<\/td>\n<\/tr>\n<tr>\n<td style=\"text-align: left;\" width=\"106\">Uszczelnienie<\/td>\n<td style=\"text-align: left;\" width=\"130\">Viton<\/td>\n<\/tr>\n<tr>\n<td style=\"text-align: left;\" rowspan=\"2\" width=\"155\">Maksymalna temperatura<\/td>\n<td style=\"text-align: left;\" colspan=\"3\" rowspan=\"2\" width=\"169\">PET &#8211; 45\u00b0C\/113\u00b0F<\/td>\n<td style=\"text-align: left;\" width=\"106\">Wymiary<\/td>\n<td style=\"text-align: left;\" width=\"130\">410 \u00d7 130 mm<\/td>\n<\/tr>\n<tr>\n<td colspan=\"2\" width=\"236\"><strong>Wk\u0142ad<\/strong><\/td>\n<\/tr>\n<tr>\n<td style=\"text-align: left;\" width=\"155\">Rodzaj przy\u0142\u0105cza<\/td>\n<td style=\"text-align: left;\" colspan=\"3\" width=\"169\">1\u00bd&#8221; Gwint wewn\u0119trzny (BSP &#8211; NPT)<\/td>\n<td style=\"text-align: left;\" width=\"106\">HCL90TAB<\/td>\n<td style=\"text-align: left;\" width=\"130\">Trichlor w formie tabletek<\/td>\n<\/tr>\n<tr>\n<td style=\"text-align: left;\">Maksymalny przep\u0142yw<\/td>\n<td style=\"text-align: left;\" colspan=\"3\" width=\"169\">8,5 m\u00b3\/godz.<\/td>\n<td style=\"text-align: left;\" width=\"106\">Pojemno\u015b\u0107 chloru<\/td>\n<td style=\"text-align: left;\" width=\"130\">Do 1,4 kg \u2013 7 tabletek po 200 g*<\/td>\n<\/tr>\n<\/tbody>\n<\/table>\n<p>*Dzia\u0142a r\u00f3wnie\u017c z mniejszymi tabletkami<\/p>\n<h3 style=\"text-align: center;\"><strong>Zastosowanie<\/strong><\/h3>\n<p>Chlorator Kobra nale\u017cy zainstalowa\u0107 w \u0142atwo dost\u0119pnym miejscu pomi\u0119dzy zbiornikiem na wod\u0119 a poid\u0142em dla zwierz\u0105t. Nadaje si\u0119 do instalacji hydraulicznych w fermach drobiu, jest \u0142atwy w obs\u0142udze dla technik\u00f3w rolniczych i operator\u00f3w.<\/p>\n<h3 style=\"text-align: center;\"><img loading=\"lazy\" decoding=\"async\" class=\"alignnone wp-image-8525\" src=\"https:\/\/dahmira.pl\/wp-content\/uploads\/2026\/03\/chlorator-e1774614154374.png\" alt=\"\" width=\"1011\" height=\"307\" \/><\/h3>\n","protected":false},"excerpt":{"rendered":"<p>Chlorator Kobra nale\u017cy zainstalowa\u0107 w \u0142atwo dost\u0119pnym miejscu pomi\u0119dzy zbiornikiem na wod\u0119 a poid\u0142em dla zwierz\u0105t. Nadaje si\u0119 do instalacji hydraulicznych w fermach drobiu, jest \u0142atwy w obs\u0142udze dla technik\u00f3w rolniczych i operator\u00f3w.Chlorator Kobra pomaga poprawi\u0107 jako\u015b\u0107 wody w ruroci\u0105gach i poid\u0142ach na fermach drobiu. Odpowiada za kontrol\u0119 mikrobiologiczn\u0105 (bakterie, wirusy, grzyby itp.), a tak\u017ce \u2013 w po\u0142\u0105czeniu z zakwaszaczem, filtrem i Noleak \u2013 przyczynia si\u0119 do eliminacji biofilmu. Chlorator Kobra posiada kontrolowany i optymalny system dozowania tabletek trichloru, kt\u00f3ry zapewnia sta\u0142\u0105 dezynfekcj\u0119 wody, a moment jego wymiany mo\u017cna okre\u015bli\u0107 dzi\u0119ki przezroczystej obudowie.<\/p>\n","protected":false},"featured_media":8168,"comment_status":"open","ping_status":"closed","template":"","meta":[],"product_cat":[126],"product_tag":[],"_links":{"self":[{"href":"https:\/\/dahmira.pl\/en\/wp-json\/wp\/v2\/product\/8170"}],"collection":[{"href":"https:\/\/dahmira.pl\/en\/wp-json\/wp\/v2\/product"}],"about":[{"href":"https:\/\/dahmira.pl\/en\/wp-json\/wp\/v2\/types\/product"}],"replies":[{"embeddable":true,"href":"https:\/\/dahmira.pl\/en\/wp-json\/wp\/v2\/comments?post=8170"}],"wp:featuredmedia":[{"embeddable":true,"href":"https:\/\/dahmira.pl\/en\/wp-json\/wp\/v2\/media\/8168"}],"wp:attachment":[{"href":"https:\/\/dahmira.pl\/en\/wp-json\/wp\/v2\/media?parent=8170"}],"wp:term":[{"taxonomy":"product_cat","embeddable":true,"href":"https:\/\/dahmira.pl\/en\/wp-json\/wp\/v2\/product_cat?post=8170"},{"taxonomy":"product_tag","embeddable":true,"href":"https:\/\/dahmira.pl\/en\/wp-json\/wp\/v2\/product_tag?post=8170"}],"curies":[{"name":"wp","href":"https:\/\/api.w.org\/{rel}","templated":true}]}}