{"id":8165,"date":"2026-03-27T13:15:58","date_gmt":"2026-03-27T10:15:58","guid":{"rendered":"https:\/\/dahmira.pl\/?post_type=product&#038;p=8165"},"modified":"2026-03-30T13:41:32","modified_gmt":"2026-03-30T10:41:32","slug":"filtr-75-mikronow-1-2","status":"publish","type":"product","link":"https:\/\/dahmira.pl\/en\/product\/filtr-75-mikronow-1-2\/","title":{"rendered":"Filtr, 75 mikron\u00f3w, 1\u00bd&#8221;"},"content":{"rendered":"<h3 style=\"text-align: center;\">Dane techniczne<\/h3>\n<table class=\"product-table\" width=\"0\">\n<thead>\n<tr>\n<td width=\"300\"><strong>Dane og\u00f3lne<\/strong><\/td>\n<td colspan=\"4\" width=\"160\"><strong>Warto\u015bci<\/strong><\/td>\n<td colspan=\"2\" width=\"290\"><strong>Charakterystyki<\/strong><\/td>\n<\/tr>\n<\/thead>\n<tbody>\n<tr>\n<td style=\"text-align: left;\" rowspan=\"2\" width=\"300\">Maksymalne ci\u015bnienie robocze<\/td>\n<td rowspan=\"2\" width=\"100\">0,6 bar<\/td>\n<td colspan=\"2\" rowspan=\"2\" width=\"15\">6 MCA<\/td>\n<td rowspan=\"2\" width=\"100\">8,5 PSI<\/td>\n<td style=\"text-align: left;\" width=\"250\">Obudowa<\/td>\n<td style=\"text-align: left;\" width=\"250\">PP i PET<\/td>\n<\/tr>\n<tr>\n<td style=\"text-align: left;\" width=\"250\">Uszczelnienie<\/td>\n<td style=\"text-align: left;\" width=\"250\">Guma nitrylowa<\/td>\n<\/tr>\n<tr>\n<td style=\"text-align: left;\" rowspan=\"2\" width=\"300\">Maksymalna temperatura<\/td>\n<td colspan=\"2\" rowspan=\"2\" width=\"67\">45\u00b0C<\/td>\n<td colspan=\"2\" rowspan=\"2\" width=\"93\">113\u00b0F<\/td>\n<td colspan=\"2\" width=\"290\"><strong>Wk\u0142ad<\/strong><\/td>\n<\/tr>\n<tr>\n<td style=\"text-align: left;\" width=\"20\">Wk\u0142ad<\/td>\n<td style=\"text-align: left;\" width=\"250\">ERAV1075<\/td>\n<\/tr>\n<tr>\n<td style=\"text-align: left;\" rowspan=\"2\" width=\"300\">Rodzaj przy\u0142\u0105cza<\/td>\n<td style=\"text-align: left;\" colspan=\"4\" rowspan=\"2\" width=\"160\">\u00a01\u00bd\u201d Gwint wewn\u0119trzny (BSP &#8211; NPT)<\/td>\n<td style=\"text-align: left;\" width=\"250\">Powierzchnia filtracyjna<\/td>\n<td style=\"text-align: left;\" width=\"250\">565 cm\u00b2; 222 in\u00b2<\/td>\n<\/tr>\n<tr>\n<td style=\"text-align: left;\" width=\"250\">Materia\u0142<\/td>\n<td style=\"text-align: left;\" width=\"250\">System Microtec<\/td>\n<\/tr>\n<tr>\n<td style=\"text-align: left;\" rowspan=\"2\">Maksymalny przep\u0142yw<\/td>\n<td style=\"text-align: left;\" colspan=\"4\" rowspan=\"2\" width=\"160\">8,5 m\u00b3\/godz.<\/td>\n<td style=\"text-align: left;\" width=\"250\">Stopie\u0144 filtracji<\/td>\n<td style=\"text-align: left;\" width=\"250\">75 mikron\u00f3w<\/td>\n<\/tr>\n<tr>\n<td style=\"text-align: left;\" width=\"250\">Wymiary<\/td>\n<td style=\"text-align: left;\" width=\"250\">410 x 130 mm<\/td>\n<\/tr>\n<\/tbody>\n<\/table>\n<h3 style=\"text-align: center;\"><strong>Zastosowanie<\/strong><\/h3>\n<p>Filtr Kobra nale\u017cy zamontowa\u0107 w \u0142atwo dost\u0119pnym miejscu pomi\u0119dzy zbiornikiem na wod\u0119 a poid\u0142em dla zwierz\u0105t. Nadaje si\u0119 do instalacji hydraulicznych w fermach drobiu, gospodarstwach hodowlanych \u015bwi\u0144 i innych kompleksach hodowlanych; jest \u0142atwy w obs\u0142udze przez technik\u00f3w rolniczych i operator\u00f3w.<\/p>\n<h3 style=\"text-align: center;\"><img loading=\"lazy\" decoding=\"async\" class=\"alignnone wp-image-8525\" src=\"https:\/\/dahmira.pl\/wp-content\/uploads\/2026\/03\/Filtr-e1774605041410.png\" alt=\"\" width=\"1009\" height=\"298\" \/><\/h3>\n","protected":false},"excerpt":{"rendered":"<p>Filtr Nipple Kobra przyczynia si\u0119 do poprawy jako\u015bci wody. Odpowiada za zatrzymywanie cz\u0105stek sta\u0142ych dzi\u0119ki porowatej membranie o wysokiej jako\u015bci filtracji. Posiada wi\u0119ksz\u0105 powierzchni\u0119 retencji w por\u00f3wnaniu z innymi typami membran filtracyjnych, co zapewnia d\u0142u\u017csz\u0105 \u017cywotno\u015b\u0107 i autonomi\u0119 procesu filtracji. Ponadto filtr Kobra jest zmywalny i wielokrotnego u\u017cytku, a przezroczysta obudowa pozwala okre\u015bli\u0107 moment, w kt\u00f3rym konieczne jest jego oczyszczenie.<\/p>\n","protected":false},"featured_media":8163,"comment_status":"open","ping_status":"closed","template":"","meta":[],"product_cat":[106,126],"product_tag":[],"_links":{"self":[{"href":"https:\/\/dahmira.pl\/en\/wp-json\/wp\/v2\/product\/8165"}],"collection":[{"href":"https:\/\/dahmira.pl\/en\/wp-json\/wp\/v2\/product"}],"about":[{"href":"https:\/\/dahmira.pl\/en\/wp-json\/wp\/v2\/types\/product"}],"replies":[{"embeddable":true,"href":"https:\/\/dahmira.pl\/en\/wp-json\/wp\/v2\/comments?post=8165"}],"wp:featuredmedia":[{"embeddable":true,"href":"https:\/\/dahmira.pl\/en\/wp-json\/wp\/v2\/media\/8163"}],"wp:attachment":[{"href":"https:\/\/dahmira.pl\/en\/wp-json\/wp\/v2\/media?parent=8165"}],"wp:term":[{"taxonomy":"product_cat","embeddable":true,"href":"https:\/\/dahmira.pl\/en\/wp-json\/wp\/v2\/product_cat?post=8165"},{"taxonomy":"product_tag","embeddable":true,"href":"https:\/\/dahmira.pl\/en\/wp-json\/wp\/v2\/product_tag?post=8165"}],"curies":[{"name":"wp","href":"https:\/\/api.w.org\/{rel}","templated":true}]}}