{"id":8128,"date":"2026-03-26T15:35:24","date_gmt":"2026-03-26T12:35:24","guid":{"rendered":"https:\/\/dahmira.pl\/?post_type=product&#038;p=8128"},"modified":"2026-03-30T15:03:19","modified_gmt":"2026-03-30T12:03:19","slug":"obudowa-dozownika-freeflow-swine-gora-material-pp-kolor-czarny-1","status":"publish","type":"product","link":"https:\/\/dahmira.pl\/en\/product\/obudowa-dozownika-freeflow-swine-gora-material-pp-kolor-czarny-1\/","title":{"rendered":"Obudowa dozownika Freeflow Swine (g\u00f3ra, materia\u0142 PP, kolor czarny) \u2014 1&#8243;"},"content":{"rendered":"<div><\/div>\n","protected":false},"excerpt":{"rendered":"<p>Cz\u0119\u015b\u0107 zamienna do <span style=\"color: #008000;\"><a style=\"color: #008000;\" href=\"https:\/\/dahmira.pl\/product\/dozownik-przeciw-osadom-wapiennym-i-korozji-freeflow-swine-1\/\">dozownika przeciw osadom wapiennym i korozji Freeflow Swine 1\u2033 (art. DAS01)<\/a><\/span><\/p>\n","protected":false},"featured_media":8129,"comment_status":"open","ping_status":"closed","template":"","meta":[],"product_cat":[106],"product_tag":[],"_links":{"self":[{"href":"https:\/\/dahmira.pl\/en\/wp-json\/wp\/v2\/product\/8128"}],"collection":[{"href":"https:\/\/dahmira.pl\/en\/wp-json\/wp\/v2\/product"}],"about":[{"href":"https:\/\/dahmira.pl\/en\/wp-json\/wp\/v2\/types\/product"}],"replies":[{"embeddable":true,"href":"https:\/\/dahmira.pl\/en\/wp-json\/wp\/v2\/comments?post=8128"}],"wp:featuredmedia":[{"embeddable":true,"href":"https:\/\/dahmira.pl\/en\/wp-json\/wp\/v2\/media\/8129"}],"wp:attachment":[{"href":"https:\/\/dahmira.pl\/en\/wp-json\/wp\/v2\/media?parent=8128"}],"wp:term":[{"taxonomy":"product_cat","embeddable":true,"href":"https:\/\/dahmira.pl\/en\/wp-json\/wp\/v2\/product_cat?post=8128"},{"taxonomy":"product_tag","embeddable":true,"href":"https:\/\/dahmira.pl\/en\/wp-json\/wp\/v2\/product_tag?post=8128"}],"curies":[{"name":"wp","href":"https:\/\/api.w.org\/{rel}","templated":true}]}}