{"id":8118,"date":"2026-03-26T13:37:06","date_gmt":"2026-03-26T10:37:06","guid":{"rendered":"https:\/\/dahmira.pl\/?post_type=product&#038;p=8118"},"modified":"2026-03-26T13:51:00","modified_gmt":"2026-03-26T10:51:00","slug":"element-filtrujacy-75-mikronow","status":"publish","type":"product","link":"https:\/\/dahmira.pl\/en\/product\/element-filtrujacy-75-mikronow\/","title":{"rendered":"Element filtruj\u0105cy 75 mikron\u00f3w"},"content":{"rendered":"<div><\/div>\n","protected":false},"excerpt":{"rendered":"<p>Element filtruj\u0105cy przyczynia si\u0119 do poprawy jako\u015bci wody. Odpowiada za zatrzymywanie cz\u0105stek sta\u0142ych obecnych w wodzie. Filtracja odbywa si\u0119 metod\u0105 wg\u0142\u0119bn\u0105, poniewa\u017c porowaty element filtruj\u0105cy posiada wi\u0119ksz\u0105 powierzchni\u0119 zatrzymywania ni\u017c inne \u015brodki filtracyjne. Ponadto element filtruj\u0105cy jest zmywalny i nadaje si\u0119 do ponownego u\u017cycia.<\/p>\n<p>Element filtruj\u0105cy nale\u017cy instalowa\u0107 wewn\u0105trz filtra Microtec Kobra.<\/p>\n","protected":false},"featured_media":8119,"comment_status":"open","ping_status":"closed","template":"","meta":[],"product_cat":[106,126],"product_tag":[],"_links":{"self":[{"href":"https:\/\/dahmira.pl\/en\/wp-json\/wp\/v2\/product\/8118"}],"collection":[{"href":"https:\/\/dahmira.pl\/en\/wp-json\/wp\/v2\/product"}],"about":[{"href":"https:\/\/dahmira.pl\/en\/wp-json\/wp\/v2\/types\/product"}],"replies":[{"embeddable":true,"href":"https:\/\/dahmira.pl\/en\/wp-json\/wp\/v2\/comments?post=8118"}],"wp:featuredmedia":[{"embeddable":true,"href":"https:\/\/dahmira.pl\/en\/wp-json\/wp\/v2\/media\/8119"}],"wp:attachment":[{"href":"https:\/\/dahmira.pl\/en\/wp-json\/wp\/v2\/media?parent=8118"}],"wp:term":[{"taxonomy":"product_cat","embeddable":true,"href":"https:\/\/dahmira.pl\/en\/wp-json\/wp\/v2\/product_cat?post=8118"},{"taxonomy":"product_tag","embeddable":true,"href":"https:\/\/dahmira.pl\/en\/wp-json\/wp\/v2\/product_tag?post=8118"}],"curies":[{"name":"wp","href":"https:\/\/api.w.org\/{rel}","templated":true}]}}