{"id":8105,"date":"2026-03-26T12:52:39","date_gmt":"2026-03-26T09:52:39","guid":{"rendered":"https:\/\/dahmira.pl\/?post_type=product&#038;p=8105"},"modified":"2026-03-30T13:47:24","modified_gmt":"2026-03-30T10:47:24","slug":"obudowa-gora-material-pp-kolor-zielony-1","status":"publish","type":"product","link":"https:\/\/dahmira.pl\/en\/product\/obudowa-gora-material-pp-kolor-zielony-1\/","title":{"rendered":"Obudowa zakwaszacza  (g\u00f3ra, materia\u0142 PP, kolor zielony) \u2014 1&#8243;"},"content":{"rendered":"<div><\/div>\n","protected":false},"excerpt":{"rendered":"<p>Cz\u0119\u015b\u0107 zamienna do <span style=\"color: #008000;\"><a style=\"color: #008000;\" href=\"https:\/\/dahmira.pl\/product\/zakwaszacz-1\/\">zakwaszacza 1&#8243; (art. AV33)<\/a><\/span><\/p>\n","protected":false},"featured_media":8106,"comment_status":"open","ping_status":"closed","template":"","meta":[],"product_cat":[106,126],"product_tag":[],"_links":{"self":[{"href":"https:\/\/dahmira.pl\/en\/wp-json\/wp\/v2\/product\/8105"}],"collection":[{"href":"https:\/\/dahmira.pl\/en\/wp-json\/wp\/v2\/product"}],"about":[{"href":"https:\/\/dahmira.pl\/en\/wp-json\/wp\/v2\/types\/product"}],"replies":[{"embeddable":true,"href":"https:\/\/dahmira.pl\/en\/wp-json\/wp\/v2\/comments?post=8105"}],"wp:featuredmedia":[{"embeddable":true,"href":"https:\/\/dahmira.pl\/en\/wp-json\/wp\/v2\/media\/8106"}],"wp:attachment":[{"href":"https:\/\/dahmira.pl\/en\/wp-json\/wp\/v2\/media?parent=8105"}],"wp:term":[{"taxonomy":"product_cat","embeddable":true,"href":"https:\/\/dahmira.pl\/en\/wp-json\/wp\/v2\/product_cat?post=8105"},{"taxonomy":"product_tag","embeddable":true,"href":"https:\/\/dahmira.pl\/en\/wp-json\/wp\/v2\/product_tag?post=8105"}],"curies":[{"name":"wp","href":"https:\/\/api.w.org\/{rel}","templated":true}]}}