{"id":8097,"date":"2026-03-26T11:52:47","date_gmt":"2026-03-26T08:52:47","guid":{"rendered":"https:\/\/dahmira.pl\/?post_type=product&#038;p=8097"},"modified":"2026-03-26T12:02:42","modified_gmt":"2026-03-26T09:02:42","slug":"kolba-kolor-przezroczysty-material-pet","status":"publish","type":"product","link":"https:\/\/dahmira.pl\/en\/product\/kolba-kolor-przezroczysty-material-pet\/","title":{"rendered":"Kolba (kolor przezroczysty, materia\u0142 PET)"},"content":{"rendered":"<div><\/div>\n","protected":false},"excerpt":{"rendered":"<p>Cz\u0119\u015b\u0107 zamienna do chlorator\u00f3w i zakwaszaczy<\/p>\n","protected":false},"featured_media":8098,"comment_status":"open","ping_status":"closed","template":"","meta":[],"product_cat":[106,126],"product_tag":[],"_links":{"self":[{"href":"https:\/\/dahmira.pl\/en\/wp-json\/wp\/v2\/product\/8097"}],"collection":[{"href":"https:\/\/dahmira.pl\/en\/wp-json\/wp\/v2\/product"}],"about":[{"href":"https:\/\/dahmira.pl\/en\/wp-json\/wp\/v2\/types\/product"}],"replies":[{"embeddable":true,"href":"https:\/\/dahmira.pl\/en\/wp-json\/wp\/v2\/comments?post=8097"}],"wp:featuredmedia":[{"embeddable":true,"href":"https:\/\/dahmira.pl\/en\/wp-json\/wp\/v2\/media\/8098"}],"wp:attachment":[{"href":"https:\/\/dahmira.pl\/en\/wp-json\/wp\/v2\/media?parent=8097"}],"wp:term":[{"taxonomy":"product_cat","embeddable":true,"href":"https:\/\/dahmira.pl\/en\/wp-json\/wp\/v2\/product_cat?post=8097"},{"taxonomy":"product_tag","embeddable":true,"href":"https:\/\/dahmira.pl\/en\/wp-json\/wp\/v2\/product_tag?post=8097"}],"curies":[{"name":"wp","href":"https:\/\/api.w.org\/{rel}","templated":true}]}}