{"id":7910,"date":"2026-02-20T17:19:44","date_gmt":"2026-02-20T14:19:44","guid":{"rendered":"https:\/\/dahmira.pl\/?post_type=product&#038;p=7910"},"modified":"2026-02-25T15:04:48","modified_gmt":"2026-02-25T12:04:48","slug":"gama-karmidel-spiremat","status":"publish","type":"product","link":"https:\/\/dahmira.pl\/en\/product\/gama-karmidel-spiremat\/","title":{"rendered":"Gama karmide\u0142 SPIREmat"},"content":{"rendered":"<div class=\"block\">\n<div class=\"flex\">\n<p><img loading=\"lazy\" decoding=\"async\" class=\"alignnone wp-image-3966\" src=\"https:\/\/dahmira.pl\/wp-content\/uploads\/2026\/02\/LABEL_PLUS-removebg-preview.png\" alt=\"\" width=\"180\" height=\"193\" \/><\/p>\n<div class=\"flex-column size-70\">\n<p>&nbsp;<\/p>\n<p><strong>LABEL PLUS<\/strong><\/p>\n<ul>\n<li>Rozpocz\u0119cie w pierwszych dniach<\/li>\n<li>Sto\u017cek zapobiegaj\u0105cy zabrudzeniu paszy i marnotrawstwu<\/li>\n<li>Obw\u00f3d 120 cm gwarantuj\u0105cy dost\u0119p wi\u0119kszej liczbie zwierz\u0105t, a tym samym lepsze racjonowanie<\/li>\n<\/ul>\n<\/div>\n<\/div>\n<\/div>\n<div class=\"block\">\n<div class=\"flex\">\n<div class=\"flex-column size-200\">\n<p>&nbsp;<\/p>\n<p><strong>MULTIPLUS<\/strong>: g\u0142\u0119boka miska i cylinder specjalny dla kaczek<\/p>\n<ul>\n<li class=\"v1MsoNormal\"><span lang=\"PL\">Obw\u00f3d: 120 cm<u><\/u><u><\/u><\/span><\/li>\n<li>Kszta\u0142t dostosowany do budowy cia\u0142a kaczki, zapobiegaj\u0105cy marnotrawstwu, a plastikowa miska i kratka zapewniaj\u0105ce d\u0142ug\u0105 \u017cywotno\u015b\u0107 sprz\u0119tu (brak korozji)<\/li>\n<li>Rura i zawieszenie ze stali nierdzewnej (opcja)<\/li>\n<li>System racjonowania poprzez podnoszenie \u0142a\u0144cuch\u00f3w<\/li>\n<\/ul>\n<\/div>\n<p><img loading=\"lazy\" decoding=\"async\" class=\"wp-image-3812 alignright\" src=\"https:\/\/dahmira.pl\/wp-content\/uploads\/2026\/02\/MULTIPLUS-removebg-preview.png\" alt=\"\" width=\"250\" height=\"265\" \/><\/p>\n<\/div>\n<\/div>\n<p style=\"text-align: center;\"><strong>POLYPLUS:<\/strong> wszechstronny podajnik paszy do produkcji kurcz\u0105t i indyk\u00f3w mi\u0119snych, talerz sto\u017ckowy 7 cm + sto\u017cek startowy<\/p>\n<table class=\"product-table\" width=\"0\">\n<thead>\n<tr>\n<td width=\"281\"><strong>Polyplus rozruch<\/strong><\/td>\n<td width=\"284\"><strong>Polyplus wyko\u0144czenie<\/strong><\/td>\n<\/tr>\n<\/thead>\n<tbody>\n<tr>\n<td width=\"200\">\n<ul>\n<li style=\"text-align: left;\">Obw\u00f3d: 120 cm<\/li>\n<li style=\"text-align: left;\">Dost\u0119pne od pierwszego dnia<\/li>\n<li style=\"text-align: left;\">Du\u017ca \u015brednica umo\u017cliwiaj\u0105ca dost\u0119p do wi\u0119kszej liczby zwierz\u0105t<\/li>\n<li style=\"text-align: left;\">\u0141atwe czyszczenie<\/li>\n<\/ul>\n<\/td>\n<td width=\"350\">\n<ul>\n<li style=\"text-align: left;\">Wysoka kratka z polipropylenu u\u0142atwia przemieszczanie si\u0119 zwierz\u0105t<\/li>\n<li style=\"text-align: left;\">Miska jednocz\u0119\u015bciowa z szerok\u0105 kraw\u0119dzi\u0105:<br \/>\n&#8211; bez marnowania<br \/>\n&#8211; \u0142atwiejszy dost\u0119p do paszy<br \/>\n&#8211; przeznaczona do hodowli zwierz\u0105t o wadze od 4 do 22 kg<br \/>\n&#8211; du\u017ca wysoko\u015b\u0107 rury zapewnia lepszy przep\u0142yw zwierz\u0105t.<\/li>\n<\/ul>\n<\/td>\n<\/tr>\n<tr>\n<td width=\"281\"><img loading=\"lazy\" decoding=\"async\" class=\"alignnone wp-image-8690\" src=\"https:\/\/dahmira.pl\/wp-content\/uploads\/2026\/02\/img594.png\" alt=\"\" width=\"150\" height=\"189\" \/><\/td>\n<td width=\"284\"><img loading=\"lazy\" decoding=\"async\" class=\"alignnone wp-image-8689\" src=\"https:\/\/dahmira.pl\/wp-content\/uploads\/2026\/02\/img147.png\" alt=\"\" width=\"182\" height=\"193\" \/><\/td>\n<\/tr>\n<\/tbody>\n<\/table>\n<h3 style=\"text-align: center;\"><strong>SPIREmat: akcesoria<\/strong><\/h3>\n<table>\n<tbody>\n<tr>\n<td width=\"600\">\n<h3 style=\"text-align: center;\"><img loading=\"lazy\" decoding=\"async\" class=\"wp-image-3966 aligncenter\" src=\"https:\/\/dahmira.pl\/wp-content\/uploads\/2026\/02\/img657.jpeg\" alt=\"\" width=\"180\" height=\"234\" \/><\/h3>\n<\/td>\n<td width=\"400\">\n<h3 style=\"text-align: center;\"><img loading=\"lazy\" decoding=\"async\" class=\"wp-image-3812 aligncenter\" src=\"https:\/\/dahmira.pl\/wp-content\/uploads\/2026\/02\/img-233.jpeg\" alt=\"\" width=\"252\" height=\"227\" \/><\/h3>\n<\/td>\n<\/tr>\n<tr>\n<td width=\"282\">Cz\u0119\u015b\u0107 sta\u0142a<\/p>\n<ul>\n<li>Zbiornik (70 lub 150 l) z czujnikiem braku paszy<\/li>\n<li>Silnik reduktorowy z czujnikiem kontrolnym<\/li>\n<li>Obudowa ze stali nierdzewnej lub stali ocynkowanej<\/li>\n<\/ul>\n<\/td>\n<td width=\"283\">Wci\u0105garka i akcesoria<\/p>\n<ul>\n<li>Wci\u0105garka r\u0119czna<\/li>\n<li>Wci\u0105garka elektryczna<\/li>\n<\/ul>\n<\/td>\n<\/tr>\n<\/tbody>\n<\/table>\n","protected":false},"excerpt":{"rendered":"<p style=\"text-align: left;\">Gama karmide\u0142 SPIREmat, kt\u00f3re spe\u0142niaj\u0105 wymagania hodowc\u00f3w.<\/p>\n<p style=\"text-align: center;\"><strong>ZALETY<\/strong><\/p>\n<ul>\n<li class=\"v1m_-4508460186246358638MsoPlainText\"><span lang=\"PL\"> Materia\u0142: polipropylen. Polipropylen jest termoplastem z grupy poliolefin, kt\u00f3ry charakteryzuje si\u0119 wyj\u0105tkow\u0105 odporno\u015bci\u0105 na chemikalia, nisk\u0105 g\u0119sto\u015bci\u0105 oraz doskona\u0142\u0105 wytrzyma\u0142o\u015bci\u0105 mechaniczn\u0105 na rozci\u0105ganie i zginanie<\/span><span lang=\"PL\">.<\/span> Ten punkt jest wa\u017cny, kiedy obiekt jest sprz\u0105tany (uderzenie mechaniczne przez sprz\u0119t).<\/li>\n<li class=\"v1m_-4508460186246358638MsoPlainText\">Wysoka odporno\u015b\u0107 na \u015bcieranie i uderzenia sprawia, \u017ce produkty wykonane z polipropylenu s\u0105 trwa\u0142e i mog\u0105 by\u0107 u\u017cywane przez d\u0142ugi czas bez utraty jako\u015bci.<\/li>\n<li class=\"v1m_-4508460186246358638MsoPlainText\">Polipropylen jest odporny na dzia\u0142anie kwas\u00f3w, zasad oraz wielu rozpuszczalnik\u00f3w, dzi\u0119ki czemu nie reaguje chemicznie z wi\u0119kszo\u015bci\u0105 substancji<\/li>\n<li class=\"v1m_-4508460186246358638MsoPlainText\">Szybki i solidny system mocuj\u0105cy do linii paszowej oraz trwa\u0142y system monta\u017cowy miski<\/li>\n<li class=\"v1m_-4508460186246358638MsoPlainText\">Kraw\u0119dzie talerza s\u0105 g\u0142adkie, aby zwierz\u0119ta si\u0119 nie zrani\u0142y, oraz uchylone, aby lepiej zatrzymywa\u0107 pasz\u0119<\/li>\n<li class=\"v1m_-4508460186246358638MsoPlainText\">Nadaje si\u0119 do recyklingu<\/li>\n<\/ul>\n","protected":false},"featured_media":7911,"comment_status":"open","ping_status":"closed","template":"","meta":[],"product_cat":[125],"product_tag":[],"_links":{"self":[{"href":"https:\/\/dahmira.pl\/en\/wp-json\/wp\/v2\/product\/7910"}],"collection":[{"href":"https:\/\/dahmira.pl\/en\/wp-json\/wp\/v2\/product"}],"about":[{"href":"https:\/\/dahmira.pl\/en\/wp-json\/wp\/v2\/types\/product"}],"replies":[{"embeddable":true,"href":"https:\/\/dahmira.pl\/en\/wp-json\/wp\/v2\/comments?post=7910"}],"wp:featuredmedia":[{"embeddable":true,"href":"https:\/\/dahmira.pl\/en\/wp-json\/wp\/v2\/media\/7911"}],"wp:attachment":[{"href":"https:\/\/dahmira.pl\/en\/wp-json\/wp\/v2\/media?parent=7910"}],"wp:term":[{"taxonomy":"product_cat","embeddable":true,"href":"https:\/\/dahmira.pl\/en\/wp-json\/wp\/v2\/product_cat?post=7910"},{"taxonomy":"product_tag","embeddable":true,"href":"https:\/\/dahmira.pl\/en\/wp-json\/wp\/v2\/product_tag?post=7910"}],"curies":[{"name":"wp","href":"https:\/\/api.w.org\/{rel}","templated":true}]}}