{"id":7068,"date":"2025-05-09T14:08:11","date_gmt":"2025-05-09T11:08:11","guid":{"rendered":"https:\/\/dahmira.pl\/?post_type=product&#038;p=7068"},"modified":"2025-05-09T15:07:51","modified_gmt":"2025-05-09T12:07:51","slug":"jarzmo-podwojne-z-2-walami-z-lozyskiem-kulkowym-dla-elastycznego-slimaka-o89-mm","status":"publish","type":"product","link":"https:\/\/dahmira.pl\/en\/product\/jarzmo-podwojne-z-2-walami-z-lozyskiem-kulkowym-dla-elastycznego-slimaka-o89-mm\/","title":{"rendered":"Jarzmo podw\u00f3jne z 2 wa\u0142ami z \u0142o\u017cyskiem kulkowym dla elastycznego \u015blimaka \u00d889 mm"},"content":{"rendered":"<div><\/div>\n","protected":false},"excerpt":{"rendered":"<p>Materia\u0142: stal nierdzewna<\/p>\n","protected":false},"featured_media":6979,"comment_status":"open","ping_status":"closed","template":"","meta":[],"product_cat":[109],"product_tag":[],"_links":{"self":[{"href":"https:\/\/dahmira.pl\/en\/wp-json\/wp\/v2\/product\/7068"}],"collection":[{"href":"https:\/\/dahmira.pl\/en\/wp-json\/wp\/v2\/product"}],"about":[{"href":"https:\/\/dahmira.pl\/en\/wp-json\/wp\/v2\/types\/product"}],"replies":[{"embeddable":true,"href":"https:\/\/dahmira.pl\/en\/wp-json\/wp\/v2\/comments?post=7068"}],"wp:featuredmedia":[{"embeddable":true,"href":"https:\/\/dahmira.pl\/en\/wp-json\/wp\/v2\/media\/6979"}],"wp:attachment":[{"href":"https:\/\/dahmira.pl\/en\/wp-json\/wp\/v2\/media?parent=7068"}],"wp:term":[{"taxonomy":"product_cat","embeddable":true,"href":"https:\/\/dahmira.pl\/en\/wp-json\/wp\/v2\/product_cat?post=7068"},{"taxonomy":"product_tag","embeddable":true,"href":"https:\/\/dahmira.pl\/en\/wp-json\/wp\/v2\/product_tag?post=7068"}],"curies":[{"name":"wp","href":"https:\/\/api.w.org\/{rel}","templated":true}]}}