{"id":7026,"date":"2025-05-08T15:39:29","date_gmt":"2025-05-08T12:39:29","guid":{"rendered":"https:\/\/dahmira.pl\/?post_type=product&#038;p=7026"},"modified":"2025-05-15T10:03:43","modified_gmt":"2025-05-15T07:03:43","slug":"hak-sufitowy-ze-stali-ocynkowanej","status":"publish","type":"product","link":"https:\/\/dahmira.pl\/en\/product\/hak-sufitowy-ze-stali-ocynkowanej\/","title":{"rendered":"Hak sufitowy ze stali ocynkowanej"},"content":{"rendered":"<div><\/div>\n","protected":false},"excerpt":{"rendered":"<p>&#8211; Gwint: 8 mm<br \/>\n&#8211; D\u0142ugo\u015b\u0107 gwintu: 45 mm<br \/>\n&#8211; Ca\u0142kowita d\u0142ugo\u015b\u0107: 170 mm<br \/>\n&#8211; \u015arednica haka: 24 mm<\/p>\n","protected":false},"featured_media":7027,"comment_status":"open","ping_status":"closed","template":"","meta":[],"product_cat":[109],"product_tag":[],"_links":{"self":[{"href":"https:\/\/dahmira.pl\/en\/wp-json\/wp\/v2\/product\/7026"}],"collection":[{"href":"https:\/\/dahmira.pl\/en\/wp-json\/wp\/v2\/product"}],"about":[{"href":"https:\/\/dahmira.pl\/en\/wp-json\/wp\/v2\/types\/product"}],"replies":[{"embeddable":true,"href":"https:\/\/dahmira.pl\/en\/wp-json\/wp\/v2\/comments?post=7026"}],"wp:featuredmedia":[{"embeddable":true,"href":"https:\/\/dahmira.pl\/en\/wp-json\/wp\/v2\/media\/7027"}],"wp:attachment":[{"href":"https:\/\/dahmira.pl\/en\/wp-json\/wp\/v2\/media?parent=7026"}],"wp:term":[{"taxonomy":"product_cat","embeddable":true,"href":"https:\/\/dahmira.pl\/en\/wp-json\/wp\/v2\/product_cat?post=7026"},{"taxonomy":"product_tag","embeddable":true,"href":"https:\/\/dahmira.pl\/en\/wp-json\/wp\/v2\/product_tag?post=7026"}],"curies":[{"name":"wp","href":"https:\/\/api.w.org\/{rel}","templated":true}]}}