{"id":7021,"date":"2025-05-08T14:42:22","date_gmt":"2025-05-08T11:42:22","guid":{"rendered":"https:\/\/dahmira.pl\/?post_type=product&#038;p=7021"},"modified":"2025-05-08T14:42:22","modified_gmt":"2025-05-08T11:42:22","slug":"hak-sufitowy-o6-mm-ze-stali-nierdzewnej-o-dlugosci-100-mm","status":"publish","type":"product","link":"https:\/\/dahmira.pl\/en\/product\/hak-sufitowy-o6-mm-ze-stali-nierdzewnej-o-dlugosci-100-mm\/","title":{"rendered":"Hak sufitowy \u00d86 mm ze stali nierdzewnej o d\u0142ugo\u015bci 100 mm"},"content":{"rendered":"<div><\/div>\n","protected":false},"excerpt":{"rendered":"<div><\/div>\n","protected":false},"featured_media":7022,"comment_status":"open","ping_status":"closed","template":"","meta":[],"product_cat":[109],"product_tag":[],"_links":{"self":[{"href":"https:\/\/dahmira.pl\/en\/wp-json\/wp\/v2\/product\/7021"}],"collection":[{"href":"https:\/\/dahmira.pl\/en\/wp-json\/wp\/v2\/product"}],"about":[{"href":"https:\/\/dahmira.pl\/en\/wp-json\/wp\/v2\/types\/product"}],"replies":[{"embeddable":true,"href":"https:\/\/dahmira.pl\/en\/wp-json\/wp\/v2\/comments?post=7021"}],"wp:featuredmedia":[{"embeddable":true,"href":"https:\/\/dahmira.pl\/en\/wp-json\/wp\/v2\/media\/7022"}],"wp:attachment":[{"href":"https:\/\/dahmira.pl\/en\/wp-json\/wp\/v2\/media?parent=7021"}],"wp:term":[{"taxonomy":"product_cat","embeddable":true,"href":"https:\/\/dahmira.pl\/en\/wp-json\/wp\/v2\/product_cat?post=7021"},{"taxonomy":"product_tag","embeddable":true,"href":"https:\/\/dahmira.pl\/en\/wp-json\/wp\/v2\/product_tag?post=7021"}],"curies":[{"name":"wp","href":"https:\/\/api.w.org\/{rel}","templated":true}]}}