{"id":6975,"date":"2025-05-07T13:18:57","date_gmt":"2025-05-07T10:18:57","guid":{"rendered":"https:\/\/dahmira.pl\/?post_type=product&#038;p=6975"},"modified":"2025-05-09T13:36:57","modified_gmt":"2025-05-09T10:36:57","slug":"jarzmo-pojedyncze-bez-walu-dla-elastycznego-slimaka-o56-mm","status":"publish","type":"product","link":"https:\/\/dahmira.pl\/en\/product\/jarzmo-pojedyncze-bez-walu-dla-elastycznego-slimaka-o56-mm\/","title":{"rendered":"Jarzmo pojedyncze bez wa\u0142u dla elastycznego \u015blimaka \u00d856 mm"},"content":{"rendered":"<div><\/div>\n","protected":false},"excerpt":{"rendered":"<p>Materia\u0142: stal nierdzewna<\/p>\n","protected":false},"featured_media":6976,"comment_status":"open","ping_status":"closed","template":"","meta":[],"product_cat":[109],"product_tag":[],"_links":{"self":[{"href":"https:\/\/dahmira.pl\/en\/wp-json\/wp\/v2\/product\/6975"}],"collection":[{"href":"https:\/\/dahmira.pl\/en\/wp-json\/wp\/v2\/product"}],"about":[{"href":"https:\/\/dahmira.pl\/en\/wp-json\/wp\/v2\/types\/product"}],"replies":[{"embeddable":true,"href":"https:\/\/dahmira.pl\/en\/wp-json\/wp\/v2\/comments?post=6975"}],"wp:featuredmedia":[{"embeddable":true,"href":"https:\/\/dahmira.pl\/en\/wp-json\/wp\/v2\/media\/6976"}],"wp:attachment":[{"href":"https:\/\/dahmira.pl\/en\/wp-json\/wp\/v2\/media?parent=6975"}],"wp:term":[{"taxonomy":"product_cat","embeddable":true,"href":"https:\/\/dahmira.pl\/en\/wp-json\/wp\/v2\/product_cat?post=6975"},{"taxonomy":"product_tag","embeddable":true,"href":"https:\/\/dahmira.pl\/en\/wp-json\/wp\/v2\/product_tag?post=6975"}],"curies":[{"name":"wp","href":"https:\/\/api.w.org\/{rel}","templated":true}]}}