{"id":6971,"date":"2025-05-07T12:06:07","date_gmt":"2025-05-07T09:06:07","guid":{"rendered":"https:\/\/dahmira.pl\/?post_type=product&#038;p=6971"},"modified":"2025-05-07T16:10:31","modified_gmt":"2025-05-07T13:10:31","slug":"kolano-elastycznego-slimaka-45-z-rowkiem-zaciskowym-o89-mm","status":"publish","type":"product","link":"https:\/\/dahmira.pl\/en\/product\/kolano-elastycznego-slimaka-45-z-rowkiem-zaciskowym-o89-mm\/","title":{"rendered":"Kolano elastycznego \u015blimaka 45\u00b0 z rowkiem zaciskowym \u00d889 mm"},"content":{"rendered":"<div><\/div>\n","protected":false},"excerpt":{"rendered":"<p>&#8211; D\u0142ugo\u015b\u0107: 1320 mm<br \/>\n&#8211; Grubo\u015b\u0107 \u015bcianki: 4,0 mm<br \/>\n&#8211; Kolor: bia\u0142y<\/p>\n","protected":false},"featured_media":6969,"comment_status":"open","ping_status":"closed","template":"","meta":[],"product_cat":[109],"product_tag":[],"_links":{"self":[{"href":"https:\/\/dahmira.pl\/en\/wp-json\/wp\/v2\/product\/6971"}],"collection":[{"href":"https:\/\/dahmira.pl\/en\/wp-json\/wp\/v2\/product"}],"about":[{"href":"https:\/\/dahmira.pl\/en\/wp-json\/wp\/v2\/types\/product"}],"replies":[{"embeddable":true,"href":"https:\/\/dahmira.pl\/en\/wp-json\/wp\/v2\/comments?post=6971"}],"wp:featuredmedia":[{"embeddable":true,"href":"https:\/\/dahmira.pl\/en\/wp-json\/wp\/v2\/media\/6969"}],"wp:attachment":[{"href":"https:\/\/dahmira.pl\/en\/wp-json\/wp\/v2\/media?parent=6971"}],"wp:term":[{"taxonomy":"product_cat","embeddable":true,"href":"https:\/\/dahmira.pl\/en\/wp-json\/wp\/v2\/product_cat?post=6971"},{"taxonomy":"product_tag","embeddable":true,"href":"https:\/\/dahmira.pl\/en\/wp-json\/wp\/v2\/product_tag?post=6971"}],"curies":[{"name":"wp","href":"https:\/\/api.w.org\/{rel}","templated":true}]}}