{"id":6966,"date":"2025-05-07T11:13:25","date_gmt":"2025-05-07T08:13:25","guid":{"rendered":"https:\/\/dahmira.pl\/?post_type=product&#038;p=6966"},"modified":"2025-05-07T15:58:51","modified_gmt":"2025-05-07T12:58:51","slug":"elastyczna-rura-slimakowa-z-rowkiem-zaciskowym-o-127-mm","status":"publish","type":"product","link":"https:\/\/dahmira.pl\/en\/product\/elastyczna-rura-slimakowa-z-rowkiem-zaciskowym-o-127-mm\/","title":{"rendered":"Elastyczna rura \u015blimakowa z rowkiem zaciskowym \u00d8 127 mm"},"content":{"rendered":"<div><\/div>\n","protected":false},"excerpt":{"rendered":"<p>&#8211; D\u0142ugo\u015b\u0107: 3000 mm<br \/>\n&#8211; Grubo\u015b\u0107 \u015bcianki: 5,0 mm<br \/>\n&#8211; Kolor: bia\u0142y<\/p>\n","protected":false},"featured_media":6962,"comment_status":"open","ping_status":"closed","template":"","meta":[],"product_cat":[109],"product_tag":[],"_links":{"self":[{"href":"https:\/\/dahmira.pl\/en\/wp-json\/wp\/v2\/product\/6966"}],"collection":[{"href":"https:\/\/dahmira.pl\/en\/wp-json\/wp\/v2\/product"}],"about":[{"href":"https:\/\/dahmira.pl\/en\/wp-json\/wp\/v2\/types\/product"}],"replies":[{"embeddable":true,"href":"https:\/\/dahmira.pl\/en\/wp-json\/wp\/v2\/comments?post=6966"}],"wp:featuredmedia":[{"embeddable":true,"href":"https:\/\/dahmira.pl\/en\/wp-json\/wp\/v2\/media\/6962"}],"wp:attachment":[{"href":"https:\/\/dahmira.pl\/en\/wp-json\/wp\/v2\/media?parent=6966"}],"wp:term":[{"taxonomy":"product_cat","embeddable":true,"href":"https:\/\/dahmira.pl\/en\/wp-json\/wp\/v2\/product_cat?post=6966"},{"taxonomy":"product_tag","embeddable":true,"href":"https:\/\/dahmira.pl\/en\/wp-json\/wp\/v2\/product_tag?post=6966"}],"curies":[{"name":"wp","href":"https:\/\/api.w.org\/{rel}","templated":true}]}}