{"id":6961,"date":"2025-05-07T11:07:46","date_gmt":"2025-05-07T08:07:46","guid":{"rendered":"https:\/\/dahmira.pl\/?post_type=product&#038;p=6961"},"modified":"2025-05-07T15:53:26","modified_gmt":"2025-05-07T12:53:26","slug":"elastyczna-rura-slimakowa-z-rowkiem-zaciskowym-o-56-mm","status":"publish","type":"product","link":"https:\/\/dahmira.pl\/en\/product\/elastyczna-rura-slimakowa-z-rowkiem-zaciskowym-o-56-mm\/","title":{"rendered":"Elastyczna rura \u015blimakowa z rowkiem zaciskowym \u00d8 56 mm"},"content":{"rendered":"<div><\/div>\n","protected":false},"excerpt":{"rendered":"<p>&#8211; D\u0142ugo\u015b\u0107: 3000 mm<br \/>\n&#8211; Grubo\u015b\u0107 \u015bcianki: 2,5 mm<br \/>\n&#8211; Kolor: bia\u0142y<\/p>\n","protected":false},"featured_media":6962,"comment_status":"open","ping_status":"closed","template":"","meta":[],"product_cat":[109],"product_tag":[],"_links":{"self":[{"href":"https:\/\/dahmira.pl\/en\/wp-json\/wp\/v2\/product\/6961"}],"collection":[{"href":"https:\/\/dahmira.pl\/en\/wp-json\/wp\/v2\/product"}],"about":[{"href":"https:\/\/dahmira.pl\/en\/wp-json\/wp\/v2\/types\/product"}],"replies":[{"embeddable":true,"href":"https:\/\/dahmira.pl\/en\/wp-json\/wp\/v2\/comments?post=6961"}],"wp:featuredmedia":[{"embeddable":true,"href":"https:\/\/dahmira.pl\/en\/wp-json\/wp\/v2\/media\/6962"}],"wp:attachment":[{"href":"https:\/\/dahmira.pl\/en\/wp-json\/wp\/v2\/media?parent=6961"}],"wp:term":[{"taxonomy":"product_cat","embeddable":true,"href":"https:\/\/dahmira.pl\/en\/wp-json\/wp\/v2\/product_cat?post=6961"},{"taxonomy":"product_tag","embeddable":true,"href":"https:\/\/dahmira.pl\/en\/wp-json\/wp\/v2\/product_tag?post=6961"}],"curies":[{"name":"wp","href":"https:\/\/api.w.org\/{rel}","templated":true}]}}