{"id":6943,"date":"2025-05-06T16:14:40","date_gmt":"2025-05-06T13:14:40","guid":{"rendered":"https:\/\/dahmira.pl\/?post_type=product&#038;p=6943"},"modified":"2026-01-29T20:28:09","modified_gmt":"2026-01-29T17:28:09","slug":"sterownik-silnika-0-37-kw-1-0-1-6-a-dla-silnika-0-37-kw","status":"publish","type":"product","link":"https:\/\/dahmira.pl\/en\/product\/sterownik-silnika-0-37-kw-1-0-1-6-a-dla-silnika-0-37-kw\/","title":{"rendered":"Sterownik silnika 0,37 kW (1,0 \u2013 1,6 A) dla silnika 0,37 kW"},"content":{"rendered":"<div><\/div>\n","protected":false},"excerpt":{"rendered":"<p><strong>Sk\u0142ada si\u0119 z:<\/strong><\/p>\n<p>&#8211; przeka\u017anika zabezpieczenia silnika<br \/>\n&#8211; r\u0119cznego wy\u0142\u0105cznika<br \/>\n&#8211; funkcji resetowania<br \/>\n&#8211; przy\u0142\u0105cza dla 1 czujnika i wy\u0142\u0105cznika bezpiecze\u0144stwa<\/p>\n","protected":false},"featured_media":6928,"comment_status":"open","ping_status":"closed","template":"","meta":[],"product_cat":[109],"product_tag":[],"_links":{"self":[{"href":"https:\/\/dahmira.pl\/en\/wp-json\/wp\/v2\/product\/6943"}],"collection":[{"href":"https:\/\/dahmira.pl\/en\/wp-json\/wp\/v2\/product"}],"about":[{"href":"https:\/\/dahmira.pl\/en\/wp-json\/wp\/v2\/types\/product"}],"replies":[{"embeddable":true,"href":"https:\/\/dahmira.pl\/en\/wp-json\/wp\/v2\/comments?post=6943"}],"wp:featuredmedia":[{"embeddable":true,"href":"https:\/\/dahmira.pl\/en\/wp-json\/wp\/v2\/media\/6928"}],"wp:attachment":[{"href":"https:\/\/dahmira.pl\/en\/wp-json\/wp\/v2\/media?parent=6943"}],"wp:term":[{"taxonomy":"product_cat","embeddable":true,"href":"https:\/\/dahmira.pl\/en\/wp-json\/wp\/v2\/product_cat?post=6943"},{"taxonomy":"product_tag","embeddable":true,"href":"https:\/\/dahmira.pl\/en\/wp-json\/wp\/v2\/product_tag?post=6943"}],"curies":[{"name":"wp","href":"https:\/\/api.w.org\/{rel}","templated":true}]}}