{"id":6938,"date":"2025-05-06T14:59:56","date_gmt":"2025-05-06T11:59:56","guid":{"rendered":"https:\/\/dahmira.pl\/?post_type=product&#038;p=6938"},"modified":"2026-01-29T18:13:44","modified_gmt":"2026-01-29T15:13:44","slug":"motoreduktor-1-1-kw","status":"publish","type":"product","link":"https:\/\/dahmira.pl\/en\/product\/motoreduktor-1-1-kw\/","title":{"rendered":"Motoreduktor 1,1 kW"},"content":{"rendered":"<div><\/div>\n","protected":false},"excerpt":{"rendered":"<p>&#8211; Wa\u0142 dr\u0105\u017cony: 24 mm<br \/>\n&#8211; Wa\u0142 wyj\u015bciowy: 22 mm<br \/>\n&#8211; \u015arednica otworu na wale: 8,5 mm<br \/>\n&#8211; 1,1 kW TS 90S4 B5 4 bieguny, 3 fazy, T1<br \/>\n&#8211; 50 Hz: 230\/400 V, 1400 obr.\/min<br \/>\n&#8211; 60 Hz: 276\/477 V, 1680 obr.\/min<br \/>\n&#8211; Wa\u0142 wyj\u015bciowy: 24 mm<\/p>\n<p>PU 01 3,93 FQ1 P90 B5 O1<\/p>\n","protected":false},"featured_media":6927,"comment_status":"open","ping_status":"closed","template":"","meta":[],"product_cat":[109],"product_tag":[],"_links":{"self":[{"href":"https:\/\/dahmira.pl\/en\/wp-json\/wp\/v2\/product\/6938"}],"collection":[{"href":"https:\/\/dahmira.pl\/en\/wp-json\/wp\/v2\/product"}],"about":[{"href":"https:\/\/dahmira.pl\/en\/wp-json\/wp\/v2\/types\/product"}],"replies":[{"embeddable":true,"href":"https:\/\/dahmira.pl\/en\/wp-json\/wp\/v2\/comments?post=6938"}],"wp:featuredmedia":[{"embeddable":true,"href":"https:\/\/dahmira.pl\/en\/wp-json\/wp\/v2\/media\/6927"}],"wp:attachment":[{"href":"https:\/\/dahmira.pl\/en\/wp-json\/wp\/v2\/media?parent=6938"}],"wp:term":[{"taxonomy":"product_cat","embeddable":true,"href":"https:\/\/dahmira.pl\/en\/wp-json\/wp\/v2\/product_cat?post=6938"},{"taxonomy":"product_tag","embeddable":true,"href":"https:\/\/dahmira.pl\/en\/wp-json\/wp\/v2\/product_tag?post=6938"}],"curies":[{"name":"wp","href":"https:\/\/api.w.org\/{rel}","templated":true}]}}