{"id":6934,"date":"2025-05-06T14:32:49","date_gmt":"2025-05-06T11:32:49","guid":{"rendered":"https:\/\/dahmira.pl\/?post_type=product&#038;p=6934"},"modified":"2026-01-29T18:07:32","modified_gmt":"2026-01-29T15:07:32","slug":"motoreduktor-0-75-kw","status":"publish","type":"product","link":"https:\/\/dahmira.pl\/en\/product\/motoreduktor-0-75-kw\/","title":{"rendered":"Motoreduktor 0,75 kW"},"content":{"rendered":"<div><\/div>\n","protected":false},"excerpt":{"rendered":"<p>&#8211; Wa\u0142 dr\u0105\u017cony: 19 mm<br \/>\n&#8211; Wa\u0142 wyj\u015bciowy: 22 mm<br \/>\n&#8211; \u015arednica otworu na wale: 8,5 mm<br \/>\n&#8211; 0,75 kW TS8024<br \/>\n&#8211; 50 Hz: 230\/400 V, 1400 obr.\/min<br \/>\n&#8211; 60 Hz: 277\/480 V, 1750 obr.\/min<br \/>\n&#8211; Wa\u0142 wyj\u015bciowy: 19 mm<\/p>\n<p>PU 01 3.93 FQ1 P80 B5 O1<\/p>\n<p>Dost\u0119pne r\u00f3wnie\u017c:<\/p>\n<p>&#8211; art. 20005-T 1PH \u2013 motoreduktor, analogiczny do modelu 20005\u2011T, lecz w wersji jednofazowej<br \/>\n&#8211; art. 20005-T-I-4,75 \u2013 motoreduktor, analogiczny do modelu 20005\u2011T, lecz z przek\u0142adni\u0105 4,75<br \/>\n&#8211; art. 20005-T-I-5,70 \u2013 motoreduktor, analogiczny do modelu 20005\u2011T, lecz z przek\u0142adni\u0105 5,70<\/p>\n","protected":false},"featured_media":6927,"comment_status":"open","ping_status":"closed","template":"","meta":[],"product_cat":[109],"product_tag":[],"_links":{"self":[{"href":"https:\/\/dahmira.pl\/en\/wp-json\/wp\/v2\/product\/6934"}],"collection":[{"href":"https:\/\/dahmira.pl\/en\/wp-json\/wp\/v2\/product"}],"about":[{"href":"https:\/\/dahmira.pl\/en\/wp-json\/wp\/v2\/types\/product"}],"replies":[{"embeddable":true,"href":"https:\/\/dahmira.pl\/en\/wp-json\/wp\/v2\/comments?post=6934"}],"wp:featuredmedia":[{"embeddable":true,"href":"https:\/\/dahmira.pl\/en\/wp-json\/wp\/v2\/media\/6927"}],"wp:attachment":[{"href":"https:\/\/dahmira.pl\/en\/wp-json\/wp\/v2\/media?parent=6934"}],"wp:term":[{"taxonomy":"product_cat","embeddable":true,"href":"https:\/\/dahmira.pl\/en\/wp-json\/wp\/v2\/product_cat?post=6934"},{"taxonomy":"product_tag","embeddable":true,"href":"https:\/\/dahmira.pl\/en\/wp-json\/wp\/v2\/product_tag?post=6934"}],"curies":[{"name":"wp","href":"https:\/\/api.w.org\/{rel}","templated":true}]}}