{"id":6933,"date":"2025-05-06T14:30:21","date_gmt":"2025-05-06T11:30:21","guid":{"rendered":"https:\/\/dahmira.pl\/?post_type=product&#038;p=6933"},"modified":"2026-01-29T18:01:41","modified_gmt":"2026-01-29T15:01:41","slug":"motoreduktor-0-55-kw","status":"publish","type":"product","link":"https:\/\/dahmira.pl\/en\/product\/motoreduktor-0-55-kw\/","title":{"rendered":"Motoreduktor 0,55 kW"},"content":{"rendered":"<div><\/div>\n","protected":false},"excerpt":{"rendered":"<p>&#8211; Wa\u0142 dr\u0105\u017cony: 14 mm<br \/>\n&#8211; Wa\u0142 wyj\u015bciowy: 22 mm<br \/>\n&#8211; \u015arednica otworu na wale: 8,5 mm<br \/>\n&#8211; 0,55 kW TS8024<br \/>\n&#8211; 50 Hz: 230\/400 V, 1400 obr.\/min<br \/>\n&#8211; 60 Hz: 277\/480 V, 1750 obr.\/min<br \/>\n&#8211; Wa\u0142 wyj\u015bciowy: 14 mm<\/p>\n<p>PU 01 3.93 FQ1 P71 B5 O1<\/p>\n","protected":false},"featured_media":6926,"comment_status":"open","ping_status":"closed","template":"","meta":[],"product_cat":[109],"product_tag":[],"_links":{"self":[{"href":"https:\/\/dahmira.pl\/en\/wp-json\/wp\/v2\/product\/6933"}],"collection":[{"href":"https:\/\/dahmira.pl\/en\/wp-json\/wp\/v2\/product"}],"about":[{"href":"https:\/\/dahmira.pl\/en\/wp-json\/wp\/v2\/types\/product"}],"replies":[{"embeddable":true,"href":"https:\/\/dahmira.pl\/en\/wp-json\/wp\/v2\/comments?post=6933"}],"wp:featuredmedia":[{"embeddable":true,"href":"https:\/\/dahmira.pl\/en\/wp-json\/wp\/v2\/media\/6926"}],"wp:attachment":[{"href":"https:\/\/dahmira.pl\/en\/wp-json\/wp\/v2\/media?parent=6933"}],"wp:term":[{"taxonomy":"product_cat","embeddable":true,"href":"https:\/\/dahmira.pl\/en\/wp-json\/wp\/v2\/product_cat?post=6933"},{"taxonomy":"product_tag","embeddable":true,"href":"https:\/\/dahmira.pl\/en\/wp-json\/wp\/v2\/product_tag?post=6933"}],"curies":[{"name":"wp","href":"https:\/\/api.w.org\/{rel}","templated":true}]}}