{"id":6924,"date":"2025-05-06T13:29:22","date_gmt":"2025-05-06T10:29:22","guid":{"rendered":"https:\/\/dahmira.pl\/?post_type=product&#038;p=6924"},"modified":"2026-01-29T17:57:31","modified_gmt":"2026-01-29T14:57:31","slug":"motoreduktor-0-37-kw","status":"publish","type":"product","link":"https:\/\/dahmira.pl\/en\/product\/motoreduktor-0-37-kw\/","title":{"rendered":"Motoreduktor 0,37 kW"},"content":{"rendered":"<div><\/div>\n","protected":false},"excerpt":{"rendered":"<p>&#8211; Wa\u0142 dr\u0105\u017cony: 14 mm<br \/>\n&#8211; Wa\u0142 wyj\u015bciowy: 19 mm<br \/>\n&#8211; \u015arednica otworu na wale: 6,5 mm<br \/>\n&#8211; 0,37 kW 4p 3ph T1, TS7124<br \/>\n&#8211; 50 Hz: 230\/400 V, 1400 obr.\/min<br \/>\n&#8211; 60 Hz: 277\/480 V, 1750 obr.\/min<br \/>\n&#8211; Wa\u0142 wyj\u015bciowy: 14 mm<\/p>\n<p>PX 01 3.93 FQ1 P71 B5 O57<\/p>\n","protected":false},"featured_media":6926,"comment_status":"open","ping_status":"closed","template":"","meta":[],"product_cat":[109],"product_tag":[],"_links":{"self":[{"href":"https:\/\/dahmira.pl\/en\/wp-json\/wp\/v2\/product\/6924"}],"collection":[{"href":"https:\/\/dahmira.pl\/en\/wp-json\/wp\/v2\/product"}],"about":[{"href":"https:\/\/dahmira.pl\/en\/wp-json\/wp\/v2\/types\/product"}],"replies":[{"embeddable":true,"href":"https:\/\/dahmira.pl\/en\/wp-json\/wp\/v2\/comments?post=6924"}],"wp:featuredmedia":[{"embeddable":true,"href":"https:\/\/dahmira.pl\/en\/wp-json\/wp\/v2\/media\/6926"}],"wp:attachment":[{"href":"https:\/\/dahmira.pl\/en\/wp-json\/wp\/v2\/media?parent=6924"}],"wp:term":[{"taxonomy":"product_cat","embeddable":true,"href":"https:\/\/dahmira.pl\/en\/wp-json\/wp\/v2\/product_cat?post=6924"},{"taxonomy":"product_tag","embeddable":true,"href":"https:\/\/dahmira.pl\/en\/wp-json\/wp\/v2\/product_tag?post=6924"}],"curies":[{"name":"wp","href":"https:\/\/api.w.org\/{rel}","templated":true}]}}