{"id":6805,"date":"2025-04-04T12:27:41","date_gmt":"2025-04-04T09:27:41","guid":{"rendered":"https:\/\/dahmira.pl\/?post_type=product&#038;p=6805"},"modified":"2025-04-04T14:25:02","modified_gmt":"2025-04-04T11:25:02","slug":"kropelkowa-linia-pojenia-o-dlugosci-3-m-z-12-smoczkowymi-poidlami-monodrop","status":"publish","type":"product","link":"https:\/\/dahmira.pl\/en\/product\/kropelkowa-linia-pojenia-o-dlugosci-3-m-z-12-smoczkowymi-poidlami-monodrop\/","title":{"rendered":"Kropelkowa linia pojenia o d\u0142ugo\u015bci 3 m z 12 smoczkami Monodrop"},"content":{"rendered":"<div><\/div>\n","protected":false},"excerpt":{"rendered":"<p>&#8211; Z okr\u0105g\u0142\u0105 rur\u0105 \u00be\u201d (20 mm) o d\u0142ugo\u015bci 3 m<br \/>\n&#8211; Przeznaczona dla brojler\u00f3w, m\u0142odego drobiu oraz ptak\u00f3w rodzicielskich<br \/>\n&#8211; Zmontowana z okr\u0105g\u0142ym siod\u0142em i smoczkowymi poid\u0142ami Monodrop art. 10023-S<br \/>\n&#8211; W komplecie z akcesoriami jak na zdj\u0119ciu<\/p>\n","protected":false},"featured_media":6806,"comment_status":"open","ping_status":"closed","template":"","meta":[],"product_cat":[102],"product_tag":[],"_links":{"self":[{"href":"https:\/\/dahmira.pl\/en\/wp-json\/wp\/v2\/product\/6805"}],"collection":[{"href":"https:\/\/dahmira.pl\/en\/wp-json\/wp\/v2\/product"}],"about":[{"href":"https:\/\/dahmira.pl\/en\/wp-json\/wp\/v2\/types\/product"}],"replies":[{"embeddable":true,"href":"https:\/\/dahmira.pl\/en\/wp-json\/wp\/v2\/comments?post=6805"}],"wp:featuredmedia":[{"embeddable":true,"href":"https:\/\/dahmira.pl\/en\/wp-json\/wp\/v2\/media\/6806"}],"wp:attachment":[{"href":"https:\/\/dahmira.pl\/en\/wp-json\/wp\/v2\/media?parent=6805"}],"wp:term":[{"taxonomy":"product_cat","embeddable":true,"href":"https:\/\/dahmira.pl\/en\/wp-json\/wp\/v2\/product_cat?post=6805"},{"taxonomy":"product_tag","embeddable":true,"href":"https:\/\/dahmira.pl\/en\/wp-json\/wp\/v2\/product_tag?post=6805"}],"curies":[{"name":"wp","href":"https:\/\/api.w.org\/{rel}","templated":true}]}}