{"id":6801,"date":"2025-04-04T10:30:04","date_gmt":"2025-04-04T07:30:04","guid":{"rendered":"https:\/\/dahmira.pl\/?post_type=product&#038;p=6801"},"modified":"2025-04-04T10:47:37","modified_gmt":"2025-04-04T07:47:37","slug":"linia-pojenia-dla-drobiu-o-dlugosci-3-m-z-10-smoczkami-i-miseczkami-okapowymi","status":"publish","type":"product","link":"https:\/\/dahmira.pl\/en\/product\/linia-pojenia-dla-drobiu-o-dlugosci-3-m-z-10-smoczkami-i-miseczkami-okapowymi\/","title":{"rendered":"Linia pojenia dla drobiu o d\u0142ugo\u015bci 3 m z 10 smoczkami i miseczkami okapowymi"},"content":{"rendered":"<div><\/div>\n","protected":false},"excerpt":{"rendered":"<p>&#8211; Z kwadratow\u0105 rur\u0105 22 mm o d\u0142ugo\u015bci 3 m<br \/>\n&#8211; Przeznaczona dla brojler\u00f3w, m\u0142odego drobiu oraz ptak\u00f3w rodzicielskich<br \/>\n&#8211; Poid\u0142a smoczkowe <span style=\"color: #008000;\"><a href=\"https:\/\/dahmira.pl\/product\/poidlo-smoczkowe-3-2-mm-360\/\">art. 10012\u00a0<\/a><\/span><br \/>\n&#8211; Miseczki okapowe <span style=\"color: #008000;\"><a href=\"https:\/\/dahmira.pl\/product\/miseczka-okapowa-jednoramienna\/\">art. 10037<\/a><\/span><br \/>\n&#8211; W komplecie z akcesoriami jak na zdj\u0119ciu<\/p>\n","protected":false},"featured_media":6802,"comment_status":"open","ping_status":"closed","template":"","meta":[],"product_cat":[102],"product_tag":[],"_links":{"self":[{"href":"https:\/\/dahmira.pl\/en\/wp-json\/wp\/v2\/product\/6801"}],"collection":[{"href":"https:\/\/dahmira.pl\/en\/wp-json\/wp\/v2\/product"}],"about":[{"href":"https:\/\/dahmira.pl\/en\/wp-json\/wp\/v2\/types\/product"}],"replies":[{"embeddable":true,"href":"https:\/\/dahmira.pl\/en\/wp-json\/wp\/v2\/comments?post=6801"}],"wp:featuredmedia":[{"embeddable":true,"href":"https:\/\/dahmira.pl\/en\/wp-json\/wp\/v2\/media\/6802"}],"wp:attachment":[{"href":"https:\/\/dahmira.pl\/en\/wp-json\/wp\/v2\/media?parent=6801"}],"wp:term":[{"taxonomy":"product_cat","embeddable":true,"href":"https:\/\/dahmira.pl\/en\/wp-json\/wp\/v2\/product_cat?post=6801"},{"taxonomy":"product_tag","embeddable":true,"href":"https:\/\/dahmira.pl\/en\/wp-json\/wp\/v2\/product_tag?post=6801"}],"curies":[{"name":"wp","href":"https:\/\/api.w.org\/{rel}","templated":true}]}}