{"id":6691,"date":"2025-04-01T11:19:51","date_gmt":"2025-04-01T08:19:51","guid":{"rendered":"https:\/\/dahmira.pl\/?post_type=product&#038;p=6691"},"modified":"2026-04-01T14:44:54","modified_gmt":"2026-04-01T11:44:54","slug":"regulator-cisnienia-od-0-2-do-1-bara-w-komplecie-z-trojnikiem-i-manometrem","status":"publish","type":"product","link":"https:\/\/dahmira.pl\/en\/product\/regulator-cisnienia-od-0-2-do-1-bara-w-komplecie-z-trojnikiem-i-manometrem\/","title":{"rendered":"Regulator ci\u015bnienia \u00bd&#8221; od 0,2 do 1 bara, w komplecie z tr\u00f3jnikiem i manometrem"},"content":{"rendered":"<div><\/div>\n","protected":false},"excerpt":{"rendered":"<p>&#8211; Wykonany z materia\u0142u Derlin. Delrin to wysokowydajny techniczny termoplast, znany r\u00f3wnie\u017c jako polioksymetylen (POM-H). Jest to homopolimer acetalu, kt\u00f3ry charakteryzuje si\u0119 wysok\u0105 sztywno\u015bci\u0105, niskim wsp\u00f3\u0142czynnikiem tarcia i doskona\u0142\u0105 stabilno\u015bci\u0105 wymiar\u00f3w. Delrin jest szeroko stosowany do produkcji cz\u0119\u015bci wymagaj\u0105cych wysokiej precyzji, wytrzyma\u0142o\u015bci i odporno\u015bci na zu\u017cycie. Szeroki zakres temperatur pracy (od -40\u00b0C do 120\u00b0C).<br \/>\n&#8211; Wyj\u015bcie \u00be\u201d (20 mm) z gwintem zewn\u0119trznym<br \/>\n&#8211; Reduktor ci\u015bnienia wody, przeznaczony do system\u00f3w pojenia trzody chlewnej, minimalizuje ci\u015bnienie na linii pojenia w zakresie od 0,2 do 1 bara. Monta\u017c bezpo\u015brednio w magistrali wodnej.<\/p>\n","protected":false},"featured_media":6692,"comment_status":"open","ping_status":"closed","template":"","meta":[],"product_cat":[106,126],"product_tag":[],"_links":{"self":[{"href":"https:\/\/dahmira.pl\/en\/wp-json\/wp\/v2\/product\/6691"}],"collection":[{"href":"https:\/\/dahmira.pl\/en\/wp-json\/wp\/v2\/product"}],"about":[{"href":"https:\/\/dahmira.pl\/en\/wp-json\/wp\/v2\/types\/product"}],"replies":[{"embeddable":true,"href":"https:\/\/dahmira.pl\/en\/wp-json\/wp\/v2\/comments?post=6691"}],"wp:featuredmedia":[{"embeddable":true,"href":"https:\/\/dahmira.pl\/en\/wp-json\/wp\/v2\/media\/6692"}],"wp:attachment":[{"href":"https:\/\/dahmira.pl\/en\/wp-json\/wp\/v2\/media?parent=6691"}],"wp:term":[{"taxonomy":"product_cat","embeddable":true,"href":"https:\/\/dahmira.pl\/en\/wp-json\/wp\/v2\/product_cat?post=6691"},{"taxonomy":"product_tag","embeddable":true,"href":"https:\/\/dahmira.pl\/en\/wp-json\/wp\/v2\/product_tag?post=6691"}],"curies":[{"name":"wp","href":"https:\/\/api.w.org\/{rel}","templated":true}]}}