{"id":6678,"date":"2025-03-31T16:45:48","date_gmt":"2025-03-31T13:45:48","guid":{"rendered":"https:\/\/dahmira.pl\/?post_type=product&#038;p=6678"},"modified":"2026-04-01T14:44:12","modified_gmt":"2026-04-01T11:44:12","slug":"filtr-wody","status":"publish","type":"product","link":"https:\/\/dahmira.pl\/en\/product\/filtr-wody\/","title":{"rendered":"Filtr wody \u00be\u201c (20 mm)"},"content":{"rendered":"<div><\/div>\n","protected":false},"excerpt":{"rendered":"<p>&#8211; Wykonany z tworzywa sztucznego<br \/>\n&#8211; Z wk\u0142adem filtracyjnym wielokrotnego u\u017cytku 90 mikron\u00f3w<\/p>\n","protected":false},"featured_media":6679,"comment_status":"open","ping_status":"closed","template":"","meta":[],"product_cat":[106,126],"product_tag":[],"_links":{"self":[{"href":"https:\/\/dahmira.pl\/en\/wp-json\/wp\/v2\/product\/6678"}],"collection":[{"href":"https:\/\/dahmira.pl\/en\/wp-json\/wp\/v2\/product"}],"about":[{"href":"https:\/\/dahmira.pl\/en\/wp-json\/wp\/v2\/types\/product"}],"replies":[{"embeddable":true,"href":"https:\/\/dahmira.pl\/en\/wp-json\/wp\/v2\/comments?post=6678"}],"wp:featuredmedia":[{"embeddable":true,"href":"https:\/\/dahmira.pl\/en\/wp-json\/wp\/v2\/media\/6679"}],"wp:attachment":[{"href":"https:\/\/dahmira.pl\/en\/wp-json\/wp\/v2\/media?parent=6678"}],"wp:term":[{"taxonomy":"product_cat","embeddable":true,"href":"https:\/\/dahmira.pl\/en\/wp-json\/wp\/v2\/product_cat?post=6678"},{"taxonomy":"product_tag","embeddable":true,"href":"https:\/\/dahmira.pl\/en\/wp-json\/wp\/v2\/product_tag?post=6678"}],"curies":[{"name":"wp","href":"https:\/\/api.w.org\/{rel}","templated":true}]}}