{"id":6671,"date":"2025-03-31T15:32:28","date_gmt":"2025-03-31T12:32:28","guid":{"rendered":"https:\/\/dahmira.pl\/?post_type=product&#038;p=6671"},"modified":"2025-04-04T14:34:06","modified_gmt":"2025-04-04T11:34:06","slug":"linia-pojenia-dla-drobiu-o-dlugosci-2-m-z-10-smoczkami-i-miseczkami-okapowymi","status":"publish","type":"product","link":"https:\/\/dahmira.pl\/en\/product\/linia-pojenia-dla-drobiu-o-dlugosci-2-m-z-10-smoczkami-i-miseczkami-okapowymi\/","title":{"rendered":"Kropelkowa linia pojenia o d\u0142ugo\u015bci 2 m z 10 smoczkami i miseczkami okapowymi"},"content":{"rendered":"<div><\/div>\n","protected":false},"excerpt":{"rendered":"<p>Automatyczna linia pojenia ze smoczkami sta\u0142a si\u0119 standardem na du\u017cych i nowoczesnych fermach drobiu. Teraz wprowadzamy t\u0119 koncepcj\u0119 r\u00f3wnie\u017c dla ma\u0142ych gospodarstw. Dostarczamy linii pojenia dla drobiu o d\u0142ugo\u015bci 2 m z 10 smoczkami i miseczkami okapowymi, ca\u0142kowicie zmontowane i gotowe do u\u017cycia dla piskl\u0105t od 3 dnia \u017cycia.<\/p>\n<p>&#8211; Poid\u0142a smoczkowe <span style=\"color: #008000;\"><a href=\"https:\/\/dahmira.pl\/product\/poidlo-smoczkowe-3-2-mm-360\/\">art. 10012\u00a0<\/a><\/span><br \/>\n&#8211; Miseczki okapowe <span style=\"color: #008000;\"><a href=\"https:\/\/dahmira.pl\/product\/miseczka-okapowa-jednoramienna\/\">art. 10037<\/a><\/span><br \/>\n&#8211; W komplecie z akcesoriami jak na zdj\u0119ciu<\/p>\n<p style=\"text-align: center;\"><strong>Zam\u00f3w &#8211; rozpakuj &#8211; pod\u0142\u0105cz &#8211; uruchom<\/strong><\/p>\n<p>Poid\u0142o ci\u0105g\u0142e mo\u017ce by\u0107 uniwersalnie stosowane do:<\/p>\n<p>&#8211; Tuczu brojler\u00f3w do 160 ptak\u00f3w<br \/>\n&#8211; Ptaki rodzicielskie do 50 ptak\u00f3w<br \/>\n&#8211; Tuczu kaczek do 60 ptak\u00f3w<br \/>\n&#8211; Nioski do 60 ptak\u00f3w<\/p>\n<p>Oczywistymi zaletami s\u0105:<\/p>\n<p>&#8211; Higieniczno\u015b\u0107<br \/>\n&#8211; Ekonomiczno\u015b\u0107<br \/>\n&#8211; Niskie koszty konserwacji<br \/>\n&#8211; Przyjazno\u015b\u0107 dla u\u017cytkownika<br \/>\n&#8211; \u0141atwe dozowanie dodatk\u00f3w<\/p>\n","protected":false},"featured_media":6673,"comment_status":"open","ping_status":"closed","template":"","meta":[],"product_cat":[102],"product_tag":[],"_links":{"self":[{"href":"https:\/\/dahmira.pl\/en\/wp-json\/wp\/v2\/product\/6671"}],"collection":[{"href":"https:\/\/dahmira.pl\/en\/wp-json\/wp\/v2\/product"}],"about":[{"href":"https:\/\/dahmira.pl\/en\/wp-json\/wp\/v2\/types\/product"}],"replies":[{"embeddable":true,"href":"https:\/\/dahmira.pl\/en\/wp-json\/wp\/v2\/comments?post=6671"}],"wp:featuredmedia":[{"embeddable":true,"href":"https:\/\/dahmira.pl\/en\/wp-json\/wp\/v2\/media\/6673"}],"wp:attachment":[{"href":"https:\/\/dahmira.pl\/en\/wp-json\/wp\/v2\/media?parent=6671"}],"wp:term":[{"taxonomy":"product_cat","embeddable":true,"href":"https:\/\/dahmira.pl\/en\/wp-json\/wp\/v2\/product_cat?post=6671"},{"taxonomy":"product_tag","embeddable":true,"href":"https:\/\/dahmira.pl\/en\/wp-json\/wp\/v2\/product_tag?post=6671"}],"curies":[{"name":"wp","href":"https:\/\/api.w.org\/{rel}","templated":true}]}}