{"id":6668,"date":"2025-03-31T12:00:33","date_gmt":"2025-03-31T09:00:33","guid":{"rendered":"https:\/\/dahmira.pl\/?post_type=product&#038;p=6668"},"modified":"2025-03-31T12:00:34","modified_gmt":"2025-03-31T09:00:34","slug":"koncowka-do-rury-kwadratowej-2","status":"publish","type":"product","link":"https:\/\/dahmira.pl\/en\/product\/koncowka-do-rury-kwadratowej-2\/","title":{"rendered":"Ko\u0144c\u00f3wka do rury kwadratowej"},"content":{"rendered":"<div><\/div>\n","protected":false},"excerpt":{"rendered":"<p>W komplecie z rur\u0105 przezroczyst\u0105 i 2 zaworami kulowymi u\u0142atwiaj\u0105cymi p\u0142ukanie<\/p>\n","protected":false},"featured_media":6669,"comment_status":"open","ping_status":"closed","template":"","meta":[],"product_cat":[105],"product_tag":[],"_links":{"self":[{"href":"https:\/\/dahmira.pl\/en\/wp-json\/wp\/v2\/product\/6668"}],"collection":[{"href":"https:\/\/dahmira.pl\/en\/wp-json\/wp\/v2\/product"}],"about":[{"href":"https:\/\/dahmira.pl\/en\/wp-json\/wp\/v2\/types\/product"}],"replies":[{"embeddable":true,"href":"https:\/\/dahmira.pl\/en\/wp-json\/wp\/v2\/comments?post=6668"}],"wp:featuredmedia":[{"embeddable":true,"href":"https:\/\/dahmira.pl\/en\/wp-json\/wp\/v2\/media\/6669"}],"wp:attachment":[{"href":"https:\/\/dahmira.pl\/en\/wp-json\/wp\/v2\/media?parent=6668"}],"wp:term":[{"taxonomy":"product_cat","embeddable":true,"href":"https:\/\/dahmira.pl\/en\/wp-json\/wp\/v2\/product_cat?post=6668"},{"taxonomy":"product_tag","embeddable":true,"href":"https:\/\/dahmira.pl\/en\/wp-json\/wp\/v2\/product_tag?post=6668"}],"curies":[{"name":"wp","href":"https:\/\/api.w.org\/{rel}","templated":true}]}}