{"id":6639,"date":"2025-03-13T14:39:26","date_gmt":"2025-03-13T11:39:26","guid":{"rendered":"https:\/\/dahmira.pl\/?post_type=product&#038;p=6639"},"modified":"2025-04-03T12:22:27","modified_gmt":"2025-04-03T09:22:27","slug":"koncowka-do-rury-kwadratowej","status":"publish","type":"product","link":"https:\/\/dahmira.pl\/en\/product\/koncowka-do-rury-kwadratowej\/","title":{"rendered":"Ko\u0144c\u00f3wka do rury kwadratowej"},"content":{"rendered":"<div><\/div>\n","protected":false},"excerpt":{"rendered":"<p>Kompletna z przezroczyst\u0105 rurk\u0105 kontroln\u0105, zaworem kulowym i odp\u0142ywem wody do p\u0142ukania rury.<\/p>\n","protected":false},"featured_media":6640,"comment_status":"open","ping_status":"closed","template":"","meta":[],"product_cat":[105],"product_tag":[],"_links":{"self":[{"href":"https:\/\/dahmira.pl\/en\/wp-json\/wp\/v2\/product\/6639"}],"collection":[{"href":"https:\/\/dahmira.pl\/en\/wp-json\/wp\/v2\/product"}],"about":[{"href":"https:\/\/dahmira.pl\/en\/wp-json\/wp\/v2\/types\/product"}],"replies":[{"embeddable":true,"href":"https:\/\/dahmira.pl\/en\/wp-json\/wp\/v2\/comments?post=6639"}],"wp:featuredmedia":[{"embeddable":true,"href":"https:\/\/dahmira.pl\/en\/wp-json\/wp\/v2\/media\/6640"}],"wp:attachment":[{"href":"https:\/\/dahmira.pl\/en\/wp-json\/wp\/v2\/media?parent=6639"}],"wp:term":[{"taxonomy":"product_cat","embeddable":true,"href":"https:\/\/dahmira.pl\/en\/wp-json\/wp\/v2\/product_cat?post=6639"},{"taxonomy":"product_tag","embeddable":true,"href":"https:\/\/dahmira.pl\/en\/wp-json\/wp\/v2\/product_tag?post=6639"}],"curies":[{"name":"wp","href":"https:\/\/api.w.org\/{rel}","templated":true}]}}