{"id":6635,"date":"2025-03-13T12:56:08","date_gmt":"2025-03-13T09:56:08","guid":{"rendered":"https:\/\/dahmira.pl\/?post_type=product&#038;p=6635"},"modified":"2025-04-03T12:16:36","modified_gmt":"2025-04-03T09:16:36","slug":"waz-spiralny-o-dlugosci-6-m-z-adapterem-do-glownej-linii-wodnej","status":"publish","type":"product","link":"https:\/\/dahmira.pl\/en\/product\/waz-spiralny-o-dlugosci-6-m-z-adapterem-do-glownej-linii-wodnej\/","title":{"rendered":"W\u0105\u017c spiralny o d\u0142ugo\u015bci 6 m z adapterem \u00bd\u201d (15 mm) do g\u0142\u00f3wnej linii wodnej"},"content":{"rendered":"<div><\/div>\n","protected":false},"excerpt":{"rendered":"<p>Po\u0142\u0105czenie wody do regulatora ci\u015bnienia art. 60500<\/p>\n","protected":false},"featured_media":6636,"comment_status":"open","ping_status":"closed","template":"","meta":[],"product_cat":[105],"product_tag":[],"_links":{"self":[{"href":"https:\/\/dahmira.pl\/en\/wp-json\/wp\/v2\/product\/6635"}],"collection":[{"href":"https:\/\/dahmira.pl\/en\/wp-json\/wp\/v2\/product"}],"about":[{"href":"https:\/\/dahmira.pl\/en\/wp-json\/wp\/v2\/types\/product"}],"replies":[{"embeddable":true,"href":"https:\/\/dahmira.pl\/en\/wp-json\/wp\/v2\/comments?post=6635"}],"wp:featuredmedia":[{"embeddable":true,"href":"https:\/\/dahmira.pl\/en\/wp-json\/wp\/v2\/media\/6636"}],"wp:attachment":[{"href":"https:\/\/dahmira.pl\/en\/wp-json\/wp\/v2\/media?parent=6635"}],"wp:term":[{"taxonomy":"product_cat","embeddable":true,"href":"https:\/\/dahmira.pl\/en\/wp-json\/wp\/v2\/product_cat?post=6635"},{"taxonomy":"product_tag","embeddable":true,"href":"https:\/\/dahmira.pl\/en\/wp-json\/wp\/v2\/product_tag?post=6635"}],"curies":[{"name":"wp","href":"https:\/\/api.w.org\/{rel}","templated":true}]}}