{"id":6632,"date":"2025-03-13T12:35:45","date_gmt":"2025-03-13T09:35:45","guid":{"rendered":"https:\/\/dahmira.pl\/?post_type=product&#038;p=6632"},"modified":"2025-03-13T12:35:45","modified_gmt":"2025-03-13T09:35:45","slug":"regulator-spadku-z-dwoma-rurami-przezroczystymi","status":"publish","type":"product","link":"https:\/\/dahmira.pl\/en\/product\/regulator-spadku-z-dwoma-rurami-przezroczystymi\/","title":{"rendered":"Regulator spadku z dwoma rurami przezroczystymi"},"content":{"rendered":"<p><code><\/code><\/p>\n","protected":false},"excerpt":{"rendered":"<p>Do monta\u017cu w \u015brodku linii pojenia, gdy spadek w linii jest wi\u0119kszy ni\u017c 40 cm, bez pod\u0142\u0105czenia wody<\/p>\n","protected":false},"featured_media":6634,"comment_status":"open","ping_status":"closed","template":"","meta":[],"product_cat":[105],"product_tag":[],"_links":{"self":[{"href":"https:\/\/dahmira.pl\/en\/wp-json\/wp\/v2\/product\/6632"}],"collection":[{"href":"https:\/\/dahmira.pl\/en\/wp-json\/wp\/v2\/product"}],"about":[{"href":"https:\/\/dahmira.pl\/en\/wp-json\/wp\/v2\/types\/product"}],"replies":[{"embeddable":true,"href":"https:\/\/dahmira.pl\/en\/wp-json\/wp\/v2\/comments?post=6632"}],"wp:featuredmedia":[{"embeddable":true,"href":"https:\/\/dahmira.pl\/en\/wp-json\/wp\/v2\/media\/6634"}],"wp:attachment":[{"href":"https:\/\/dahmira.pl\/en\/wp-json\/wp\/v2\/media?parent=6632"}],"wp:term":[{"taxonomy":"product_cat","embeddable":true,"href":"https:\/\/dahmira.pl\/en\/wp-json\/wp\/v2\/product_cat?post=6632"},{"taxonomy":"product_tag","embeddable":true,"href":"https:\/\/dahmira.pl\/en\/wp-json\/wp\/v2\/product_tag?post=6632"}],"curies":[{"name":"wp","href":"https:\/\/api.w.org\/{rel}","templated":true}]}}