{"id":6624,"date":"2025-03-13T12:00:48","date_gmt":"2025-03-13T09:00:48","guid":{"rendered":"https:\/\/dahmira.pl\/?post_type=product&#038;p=6624"},"modified":"2025-03-13T12:00:48","modified_gmt":"2025-03-13T09:00:48","slug":"adapter-okragly-kwadratowy","status":"publish","type":"product","link":"https:\/\/dahmira.pl\/en\/product\/adapter-okragly-kwadratowy\/","title":{"rendered":"Adapter okr\u0105g\u0142y\/kwadratowy"},"content":{"rendered":"<div><\/div>\n","protected":false},"excerpt":{"rendered":"<p>S\u0142u\u017cy do \u0142\u0105czenia dw\u00f3ch element\u00f3w o r\u00f3\u017cnych przekrojach: regulatora ci\u015bnienia (okr\u0105g\u0142y 26,6 mm) i rury kwadratowej 22 mm.<\/p>\n","protected":false},"featured_media":6625,"comment_status":"open","ping_status":"closed","template":"","meta":[],"product_cat":[105],"product_tag":[],"_links":{"self":[{"href":"https:\/\/dahmira.pl\/en\/wp-json\/wp\/v2\/product\/6624"}],"collection":[{"href":"https:\/\/dahmira.pl\/en\/wp-json\/wp\/v2\/product"}],"about":[{"href":"https:\/\/dahmira.pl\/en\/wp-json\/wp\/v2\/types\/product"}],"replies":[{"embeddable":true,"href":"https:\/\/dahmira.pl\/en\/wp-json\/wp\/v2\/comments?post=6624"}],"wp:featuredmedia":[{"embeddable":true,"href":"https:\/\/dahmira.pl\/en\/wp-json\/wp\/v2\/media\/6625"}],"wp:attachment":[{"href":"https:\/\/dahmira.pl\/en\/wp-json\/wp\/v2\/media?parent=6624"}],"wp:term":[{"taxonomy":"product_cat","embeddable":true,"href":"https:\/\/dahmira.pl\/en\/wp-json\/wp\/v2\/product_cat?post=6624"},{"taxonomy":"product_tag","embeddable":true,"href":"https:\/\/dahmira.pl\/en\/wp-json\/wp\/v2\/product_tag?post=6624"}],"curies":[{"name":"wp","href":"https:\/\/api.w.org\/{rel}","templated":true}]}}