{"id":6584,"date":"2025-03-10T12:39:19","date_gmt":"2025-03-10T09:39:19","guid":{"rendered":"https:\/\/dahmira.pl\/?post_type=product&#038;p=6584"},"modified":"2025-04-03T13:08:09","modified_gmt":"2025-04-03T10:08:09","slug":"lacznik-weza-do-rury-kwadratowej-22-mm","status":"publish","type":"product","link":"https:\/\/dahmira.pl\/en\/product\/lacznik-weza-do-rury-kwadratowej-22-mm\/","title":{"rendered":"\u0141\u0105cznik w\u0119\u017ca do rury kwadratowej 22 mm"},"content":{"rendered":"<div><\/div>\n","protected":false},"excerpt":{"rendered":"<p>\u0141\u0105cznik w\u0119\u017ca o d\u0142ugo\u015bci 100 mm do rury kwadratowej <span style=\"color: #008000;\"><a style=\"color: #008000;\" href=\"https:\/\/dahmira.pl\/product\/kwadratowa-rura-22-mm-do-poidel-smoczkowych\/\">art. 20010<\/a><\/span><\/p>\n","protected":false},"featured_media":6585,"comment_status":"open","ping_status":"closed","template":"","meta":[],"product_cat":[105],"product_tag":[],"_links":{"self":[{"href":"https:\/\/dahmira.pl\/en\/wp-json\/wp\/v2\/product\/6584"}],"collection":[{"href":"https:\/\/dahmira.pl\/en\/wp-json\/wp\/v2\/product"}],"about":[{"href":"https:\/\/dahmira.pl\/en\/wp-json\/wp\/v2\/types\/product"}],"replies":[{"embeddable":true,"href":"https:\/\/dahmira.pl\/en\/wp-json\/wp\/v2\/comments?post=6584"}],"wp:featuredmedia":[{"embeddable":true,"href":"https:\/\/dahmira.pl\/en\/wp-json\/wp\/v2\/media\/6585"}],"wp:attachment":[{"href":"https:\/\/dahmira.pl\/en\/wp-json\/wp\/v2\/media?parent=6584"}],"wp:term":[{"taxonomy":"product_cat","embeddable":true,"href":"https:\/\/dahmira.pl\/en\/wp-json\/wp\/v2\/product_cat?post=6584"},{"taxonomy":"product_tag","embeddable":true,"href":"https:\/\/dahmira.pl\/en\/wp-json\/wp\/v2\/product_tag?post=6584"}],"curies":[{"name":"wp","href":"https:\/\/api.w.org\/{rel}","templated":true}]}}