{"id":6564,"date":"2025-03-07T13:36:01","date_gmt":"2025-03-07T10:36:01","guid":{"rendered":"https:\/\/dahmira.pl\/?post_type=product&#038;p=6564"},"modified":"2025-04-03T13:07:27","modified_gmt":"2025-04-03T10:07:27","slug":"adapter-kwadratowy-okragly","status":"publish","type":"product","link":"https:\/\/dahmira.pl\/en\/product\/adapter-kwadratowy-okragly\/","title":{"rendered":"Adapter kwadratowy\/okr\u0105g\u0142y"},"content":{"rendered":"<div><\/div>\n","protected":false},"excerpt":{"rendered":"<p>S\u0142u\u017cy do \u0142\u0105czenia dw\u00f3ch element\u00f3w o r\u00f3\u017cnych przekrojach: rury kwadratowej 22 mm i w\u0119\u017ca \u00be\u201d (20 mm).<\/p>\n","protected":false},"featured_media":6565,"comment_status":"open","ping_status":"closed","template":"","meta":[],"product_cat":[105],"product_tag":[],"_links":{"self":[{"href":"https:\/\/dahmira.pl\/en\/wp-json\/wp\/v2\/product\/6564"}],"collection":[{"href":"https:\/\/dahmira.pl\/en\/wp-json\/wp\/v2\/product"}],"about":[{"href":"https:\/\/dahmira.pl\/en\/wp-json\/wp\/v2\/types\/product"}],"replies":[{"embeddable":true,"href":"https:\/\/dahmira.pl\/en\/wp-json\/wp\/v2\/comments?post=6564"}],"wp:featuredmedia":[{"embeddable":true,"href":"https:\/\/dahmira.pl\/en\/wp-json\/wp\/v2\/media\/6565"}],"wp:attachment":[{"href":"https:\/\/dahmira.pl\/en\/wp-json\/wp\/v2\/media?parent=6564"}],"wp:term":[{"taxonomy":"product_cat","embeddable":true,"href":"https:\/\/dahmira.pl\/en\/wp-json\/wp\/v2\/product_cat?post=6564"},{"taxonomy":"product_tag","embeddable":true,"href":"https:\/\/dahmira.pl\/en\/wp-json\/wp\/v2\/product_tag?post=6564"}],"curies":[{"name":"wp","href":"https:\/\/api.w.org\/{rel}","templated":true}]}}