{"id":6562,"date":"2025-03-07T12:29:08","date_gmt":"2025-03-07T09:29:08","guid":{"rendered":"https:\/\/dahmira.pl\/?post_type=product&#038;p=6562"},"modified":"2025-04-03T13:07:13","modified_gmt":"2025-04-03T10:07:13","slug":"kwadratowa-rura-22-mm-do-poidel-smoczkowych","status":"publish","type":"product","link":"https:\/\/dahmira.pl\/en\/product\/kwadratowa-rura-22-mm-do-poidel-smoczkowych\/","title":{"rendered":"Kwadratowa rura 22 mm do poide\u0142 smoczkowych"},"content":{"rendered":"<div><\/div>\n","protected":false},"excerpt":{"rendered":"<p>&#8211; Rura zapewnia stabiln\u0105 i niezawodn\u0105 podstaw\u0119 do monta\u017cu smoczk\u00f3w (nipli), gwarantuj\u0105c prawid\u0142owe funkcjonowanie systemu pojenia.<br \/>\n&#8211; Wykonana z PVC. PVC charakteryzuje si\u0119 wysok\u0105 wytrzyma\u0142o\u015bci\u0105 oraz odporno\u015bci\u0105 na uszkodzenia mechaniczne i chemikalia.<br \/>\n&#8211; D\u0142ugo\u015b\u0107 zgodnie z zam\u00f3wieniem<\/p>\n","protected":false},"featured_media":6563,"comment_status":"open","ping_status":"closed","template":"","meta":[],"product_cat":[105],"product_tag":[],"_links":{"self":[{"href":"https:\/\/dahmira.pl\/en\/wp-json\/wp\/v2\/product\/6562"}],"collection":[{"href":"https:\/\/dahmira.pl\/en\/wp-json\/wp\/v2\/product"}],"about":[{"href":"https:\/\/dahmira.pl\/en\/wp-json\/wp\/v2\/types\/product"}],"replies":[{"embeddable":true,"href":"https:\/\/dahmira.pl\/en\/wp-json\/wp\/v2\/comments?post=6562"}],"wp:featuredmedia":[{"embeddable":true,"href":"https:\/\/dahmira.pl\/en\/wp-json\/wp\/v2\/media\/6563"}],"wp:attachment":[{"href":"https:\/\/dahmira.pl\/en\/wp-json\/wp\/v2\/media?parent=6562"}],"wp:term":[{"taxonomy":"product_cat","embeddable":true,"href":"https:\/\/dahmira.pl\/en\/wp-json\/wp\/v2\/product_cat?post=6562"},{"taxonomy":"product_tag","embeddable":true,"href":"https:\/\/dahmira.pl\/en\/wp-json\/wp\/v2\/product_tag?post=6562"}],"curies":[{"name":"wp","href":"https:\/\/api.w.org\/{rel}","templated":true}]}}