{"id":6547,"date":"2025-03-06T13:25:55","date_gmt":"2025-03-06T10:25:55","guid":{"rendered":"https:\/\/dahmira.pl\/?post_type=product&#038;p=6547"},"modified":"2025-03-07T11:56:52","modified_gmt":"2025-03-07T08:56:52","slug":"poidlo-miseczkowe-okragle","status":"publish","type":"product","link":"https:\/\/dahmira.pl\/en\/product\/poidlo-miseczkowe-okragle\/","title":{"rendered":"Poid\u0142o miseczkowe okr\u0105g\u0142e"},"content":{"rendered":"<div><\/div>\n","protected":false},"excerpt":{"rendered":"<ul>\n<li>Do rury kwadratowej 22 mm<\/li>\n<li>Pasuje do poide\u0142 smoczkowych art. 10010 i 10022<\/li>\n<li>\u0141atwe do demonta\u017cu za pomoc\u0105 zatrzasku<\/li>\n<li>Odpowiednie do odchowu drobiu<\/li>\n<\/ul>\n","protected":false},"featured_media":6549,"comment_status":"open","ping_status":"closed","template":"","meta":[],"product_cat":[104],"product_tag":[],"_links":{"self":[{"href":"https:\/\/dahmira.pl\/en\/wp-json\/wp\/v2\/product\/6547"}],"collection":[{"href":"https:\/\/dahmira.pl\/en\/wp-json\/wp\/v2\/product"}],"about":[{"href":"https:\/\/dahmira.pl\/en\/wp-json\/wp\/v2\/types\/product"}],"replies":[{"embeddable":true,"href":"https:\/\/dahmira.pl\/en\/wp-json\/wp\/v2\/comments?post=6547"}],"wp:featuredmedia":[{"embeddable":true,"href":"https:\/\/dahmira.pl\/en\/wp-json\/wp\/v2\/media\/6549"}],"wp:attachment":[{"href":"https:\/\/dahmira.pl\/en\/wp-json\/wp\/v2\/media?parent=6547"}],"wp:term":[{"taxonomy":"product_cat","embeddable":true,"href":"https:\/\/dahmira.pl\/en\/wp-json\/wp\/v2\/product_cat?post=6547"},{"taxonomy":"product_tag","embeddable":true,"href":"https:\/\/dahmira.pl\/en\/wp-json\/wp\/v2\/product_tag?post=6547"}],"curies":[{"name":"wp","href":"https:\/\/api.w.org\/{rel}","templated":true}]}}