{"id":6477,"date":"2025-02-24T11:55:35","date_gmt":"2025-02-24T08:55:35","guid":{"rendered":"https:\/\/dahmira.pl\/?post_type=product&#038;p=6477"},"modified":"2025-02-26T11:59:41","modified_gmt":"2025-02-26T08:59:41","slug":"oslona-wlotu-zaworu-powietrza-szeroka","status":"publish","type":"product","link":"https:\/\/dahmira.pl\/en\/product\/oslona-wlotu-zaworu-powietrza-szeroka\/","title":{"rendered":"Os\u0142ona wlotu zaworu powietrza, szeroka"},"content":{"rendered":"<div><\/div>\n","protected":false},"excerpt":{"rendered":"<p>&#8211; Wykonana z odpornego na uderzenia tworzywa ABS.<br \/>\n&#8211; Montowana na zewn\u0105trz hali przy pomocy ko\u0142k\u00f3w rozporowych.<br \/>\n&#8211; Dost\u0119pna w dw\u00f3ch kolorach: czarnym (nr art. 42105681) i bia\u0142ym (nr art. 420105682).\u00a0 Kolor bia\u0142y zwi\u0119ksza odporno\u015b\u0107 na UV i zmniejsza nagrzewanie przep\u0142ywaj\u0105cego powietrza.<\/p>\n<table class=\"product-table\">\n<thead>\n<tr>\n<td width=\"76\"><\/td>\n<td width=\"68\"><strong>A1<\/strong><\/td>\n<td width=\"67\"><strong>A2<\/strong><\/td>\n<td width=\"67\"><strong>B1<\/strong><\/td>\n<td width=\"67\"><strong>B2<\/strong><\/td>\n<td width=\"67\"><strong>C<\/strong><\/td>\n<\/tr>\n<\/thead>\n<tbody>\n<tr>\n<td width=\"76\"><span style=\"color: #008000;\"><strong>Wymiary<\/strong><\/span><\/td>\n<td width=\"68\">1240 mm<\/td>\n<td width=\"67\">1050 mm<\/td>\n<td width=\"67\">760 mm<\/td>\n<td width=\"67\">680 mm<\/td>\n<td width=\"67\">410 mm<\/td>\n<\/tr>\n<\/tbody>\n<\/table>\n","protected":false},"featured_media":6478,"comment_status":"open","ping_status":"closed","template":"","meta":[],"product_cat":[101],"product_tag":[],"_links":{"self":[{"href":"https:\/\/dahmira.pl\/en\/wp-json\/wp\/v2\/product\/6477"}],"collection":[{"href":"https:\/\/dahmira.pl\/en\/wp-json\/wp\/v2\/product"}],"about":[{"href":"https:\/\/dahmira.pl\/en\/wp-json\/wp\/v2\/types\/product"}],"replies":[{"embeddable":true,"href":"https:\/\/dahmira.pl\/en\/wp-json\/wp\/v2\/comments?post=6477"}],"wp:featuredmedia":[{"embeddable":true,"href":"https:\/\/dahmira.pl\/en\/wp-json\/wp\/v2\/media\/6478"}],"wp:attachment":[{"href":"https:\/\/dahmira.pl\/en\/wp-json\/wp\/v2\/media?parent=6477"}],"wp:term":[{"taxonomy":"product_cat","embeddable":true,"href":"https:\/\/dahmira.pl\/en\/wp-json\/wp\/v2\/product_cat?post=6477"},{"taxonomy":"product_tag","embeddable":true,"href":"https:\/\/dahmira.pl\/en\/wp-json\/wp\/v2\/product_tag?post=6477"}],"curies":[{"name":"wp","href":"https:\/\/api.w.org\/{rel}","templated":true}]}}