{"id":6439,"date":"2025-02-21T21:12:32","date_gmt":"2025-02-21T18:12:32","guid":{"rendered":"https:\/\/dahmira.pl\/?post_type=product&#038;p=6439"},"modified":"2025-02-24T12:00:50","modified_gmt":"2025-02-24T09:00:50","slug":"podsufitka-do-komina-o-515-mm","status":"publish","type":"product","link":"https:\/\/dahmira.pl\/en\/product\/podsufitka-do-komina-o-515-mm\/","title":{"rendered":"Podsufitka do komina \u00d8 515 mm"},"content":{"rendered":"<div><\/div>\n","protected":false},"excerpt":{"rendered":"<div>Podsufitka do komina to element systemu wentylacyjnego, kt\u00f3ry jest instalowany w g\u00f3rnej cz\u0119\u015bci szybu lub komina. S\u0142u\u017cy do poprawy szczelno\u015bci i izolacji oraz zapobiega przedostawaniu si\u0119 cia\u0142 obcych i opad\u00f3w atmosferycznych do systemu. Jest dobierana w zale\u017cno\u015bci od \u015brednicy komina lub szybu wentylacyjnego. Jest \u0142atwa w monta\u017cu i wymaga minimalnej konserwacji.<\/div>\n","protected":false},"featured_media":6440,"comment_status":"open","ping_status":"closed","template":"","meta":[],"product_cat":[100],"product_tag":[],"_links":{"self":[{"href":"https:\/\/dahmira.pl\/en\/wp-json\/wp\/v2\/product\/6439"}],"collection":[{"href":"https:\/\/dahmira.pl\/en\/wp-json\/wp\/v2\/product"}],"about":[{"href":"https:\/\/dahmira.pl\/en\/wp-json\/wp\/v2\/types\/product"}],"replies":[{"embeddable":true,"href":"https:\/\/dahmira.pl\/en\/wp-json\/wp\/v2\/comments?post=6439"}],"wp:featuredmedia":[{"embeddable":true,"href":"https:\/\/dahmira.pl\/en\/wp-json\/wp\/v2\/media\/6440"}],"wp:attachment":[{"href":"https:\/\/dahmira.pl\/en\/wp-json\/wp\/v2\/media?parent=6439"}],"wp:term":[{"taxonomy":"product_cat","embeddable":true,"href":"https:\/\/dahmira.pl\/en\/wp-json\/wp\/v2\/product_cat?post=6439"},{"taxonomy":"product_tag","embeddable":true,"href":"https:\/\/dahmira.pl\/en\/wp-json\/wp\/v2\/product_tag?post=6439"}],"curies":[{"name":"wp","href":"https:\/\/api.w.org\/{rel}","templated":true}]}}