{"id":6438,"date":"2025-02-21T21:06:24","date_gmt":"2025-02-21T18:06:24","guid":{"rendered":"https:\/\/dahmira.pl\/?post_type=product&#038;p=6438"},"modified":"2025-02-21T21:06:24","modified_gmt":"2025-02-21T18:06:24","slug":"pierscien-wylotowy-o-820-mm","status":"publish","type":"product","link":"https:\/\/dahmira.pl\/en\/product\/pierscien-wylotowy-o-820-mm\/","title":{"rendered":"Pier\u015bcie\u0144 wylotowy, \u00d8 820 mm"},"content":{"rendered":"<div><\/div>\n","protected":false},"excerpt":{"rendered":"<p>&#8211; S\u0142u\u017cy do \u0142\u0105czenia element\u00f3w systemu i zapobiegania przedostawaniu si\u0119 wilgoci i py\u0142u do wn\u0119trza komina wentylacyjnego.<br \/>\n&#8211; Wykonany z wysokiej jako\u015bci polietylenu<br \/>\n&#8211; Pier\u015bcie\u0144 dost\u0119pny jest w dw\u00f3ch kolorach: czarnym i bia\u0142ym<\/p>\n","protected":false},"featured_media":6436,"comment_status":"open","ping_status":"closed","template":"","meta":[],"product_cat":[100],"product_tag":[],"_links":{"self":[{"href":"https:\/\/dahmira.pl\/en\/wp-json\/wp\/v2\/product\/6438"}],"collection":[{"href":"https:\/\/dahmira.pl\/en\/wp-json\/wp\/v2\/product"}],"about":[{"href":"https:\/\/dahmira.pl\/en\/wp-json\/wp\/v2\/types\/product"}],"replies":[{"embeddable":true,"href":"https:\/\/dahmira.pl\/en\/wp-json\/wp\/v2\/comments?post=6438"}],"wp:featuredmedia":[{"embeddable":true,"href":"https:\/\/dahmira.pl\/en\/wp-json\/wp\/v2\/media\/6436"}],"wp:attachment":[{"href":"https:\/\/dahmira.pl\/en\/wp-json\/wp\/v2\/media?parent=6438"}],"wp:term":[{"taxonomy":"product_cat","embeddable":true,"href":"https:\/\/dahmira.pl\/en\/wp-json\/wp\/v2\/product_cat?post=6438"},{"taxonomy":"product_tag","embeddable":true,"href":"https:\/\/dahmira.pl\/en\/wp-json\/wp\/v2\/product_tag?post=6438"}],"curies":[{"name":"wp","href":"https:\/\/api.w.org\/{rel}","templated":true}]}}