{"id":6432,"date":"2025-02-21T14:10:22","date_gmt":"2025-02-21T11:10:22","guid":{"rendered":"https:\/\/dahmira.pl\/?post_type=product&#038;p=6432"},"modified":"2025-02-21T14:10:22","modified_gmt":"2025-02-21T11:10:22","slug":"przepustnica-o-630-mm","status":"publish","type":"product","link":"https:\/\/dahmira.pl\/en\/product\/przepustnica-o-630-mm\/","title":{"rendered":"Przepustnica \u00d8 630 mm"},"content":{"rendered":"<div><\/div>\n","protected":false},"excerpt":{"rendered":"<p>S\u0142u\u017cy do regulacji przep\u0142ywu powietrza lub gaz\u00f3w przez system.<\/p>\n<p>Mo\u017ce by\u0107 sterowana r\u0119cznie lub za pomoc\u0105 motoreduktora.<\/p>\n","protected":false},"featured_media":6430,"comment_status":"open","ping_status":"closed","template":"","meta":[],"product_cat":[100],"product_tag":[],"_links":{"self":[{"href":"https:\/\/dahmira.pl\/en\/wp-json\/wp\/v2\/product\/6432"}],"collection":[{"href":"https:\/\/dahmira.pl\/en\/wp-json\/wp\/v2\/product"}],"about":[{"href":"https:\/\/dahmira.pl\/en\/wp-json\/wp\/v2\/types\/product"}],"replies":[{"embeddable":true,"href":"https:\/\/dahmira.pl\/en\/wp-json\/wp\/v2\/comments?post=6432"}],"wp:featuredmedia":[{"embeddable":true,"href":"https:\/\/dahmira.pl\/en\/wp-json\/wp\/v2\/media\/6430"}],"wp:attachment":[{"href":"https:\/\/dahmira.pl\/en\/wp-json\/wp\/v2\/media?parent=6432"}],"wp:term":[{"taxonomy":"product_cat","embeddable":true,"href":"https:\/\/dahmira.pl\/en\/wp-json\/wp\/v2\/product_cat?post=6432"},{"taxonomy":"product_tag","embeddable":true,"href":"https:\/\/dahmira.pl\/en\/wp-json\/wp\/v2\/product_tag?post=6432"}],"curies":[{"name":"wp","href":"https:\/\/api.w.org\/{rel}","templated":true}]}}