{"id":6426,"date":"2025-02-21T13:39:42","date_gmt":"2025-02-21T10:39:42","guid":{"rendered":"https:\/\/dahmira.pl\/?post_type=product&#038;p=6426"},"modified":"2025-02-21T13:42:10","modified_gmt":"2025-02-21T10:42:10","slug":"element-mocujacy-do-komina","status":"publish","type":"product","link":"https:\/\/dahmira.pl\/en\/product\/element-mocujacy-do-komina\/","title":{"rendered":"Element mocuj\u0105cy do komina"},"content":{"rendered":"<div><\/div>\n","protected":false},"excerpt":{"rendered":"<p>Wykonany jest z wysokiej jako\u015bci stali kwasoodpornej. Konstrukcja zaczepu umo\u017cliwia szybszy serwis oraz sprawniejsze mycie i dezynfekcj\u0119 komina wentylacyjnego.<\/p>\n","protected":false},"featured_media":6428,"comment_status":"open","ping_status":"closed","template":"","meta":[],"product_cat":[100],"product_tag":[],"_links":{"self":[{"href":"https:\/\/dahmira.pl\/en\/wp-json\/wp\/v2\/product\/6426"}],"collection":[{"href":"https:\/\/dahmira.pl\/en\/wp-json\/wp\/v2\/product"}],"about":[{"href":"https:\/\/dahmira.pl\/en\/wp-json\/wp\/v2\/types\/product"}],"replies":[{"embeddable":true,"href":"https:\/\/dahmira.pl\/en\/wp-json\/wp\/v2\/comments?post=6426"}],"wp:featuredmedia":[{"embeddable":true,"href":"https:\/\/dahmira.pl\/en\/wp-json\/wp\/v2\/media\/6428"}],"wp:attachment":[{"href":"https:\/\/dahmira.pl\/en\/wp-json\/wp\/v2\/media?parent=6426"}],"wp:term":[{"taxonomy":"product_cat","embeddable":true,"href":"https:\/\/dahmira.pl\/en\/wp-json\/wp\/v2\/product_cat?post=6426"},{"taxonomy":"product_tag","embeddable":true,"href":"https:\/\/dahmira.pl\/en\/wp-json\/wp\/v2\/product_tag?post=6426"}],"curies":[{"name":"wp","href":"https:\/\/api.w.org\/{rel}","templated":true}]}}