{"id":6424,"date":"2025-02-21T13:31:03","date_gmt":"2025-02-21T10:31:03","guid":{"rendered":"https:\/\/dahmira.pl\/?post_type=product&#038;p=6424"},"modified":"2025-02-21T13:31:03","modified_gmt":"2025-02-21T10:31:03","slug":"korpus-mieszacza-powietrza-z-1-siatka-o-630-mm","status":"publish","type":"product","link":"https:\/\/dahmira.pl\/en\/product\/korpus-mieszacza-powietrza-z-1-siatka-o-630-mm\/","title":{"rendered":"Korpus mieszacza powietrza, z 1 siatk\u0105, \u00d8 630 mm"},"content":{"rendered":"<div><\/div>\n","protected":false},"excerpt":{"rendered":"<p>Mieszacze powietrza przeznaczone s\u0105 do stosowania w budynkach inwentarskich. Stosowanie mieszaczy powietrza poprawia warunki bytowe zwierz\u0105t oraz poprawiaj\u0105 cyrkulacj\u0119 powietrza w budynku.<\/p>\n<p>Dostarczany bez wentylatora<br \/>\nDost\u0119pny w dw\u00f3ch kolorach: czarnym (nr art. 4406301) i bia\u0142ym (nr art. 4406302)<\/p>\n","protected":false},"featured_media":6421,"comment_status":"open","ping_status":"closed","template":"","meta":[],"product_cat":[100],"product_tag":[],"_links":{"self":[{"href":"https:\/\/dahmira.pl\/en\/wp-json\/wp\/v2\/product\/6424"}],"collection":[{"href":"https:\/\/dahmira.pl\/en\/wp-json\/wp\/v2\/product"}],"about":[{"href":"https:\/\/dahmira.pl\/en\/wp-json\/wp\/v2\/types\/product"}],"replies":[{"embeddable":true,"href":"https:\/\/dahmira.pl\/en\/wp-json\/wp\/v2\/comments?post=6424"}],"wp:featuredmedia":[{"embeddable":true,"href":"https:\/\/dahmira.pl\/en\/wp-json\/wp\/v2\/media\/6421"}],"wp:attachment":[{"href":"https:\/\/dahmira.pl\/en\/wp-json\/wp\/v2\/media?parent=6424"}],"wp:term":[{"taxonomy":"product_cat","embeddable":true,"href":"https:\/\/dahmira.pl\/en\/wp-json\/wp\/v2\/product_cat?post=6424"},{"taxonomy":"product_tag","embeddable":true,"href":"https:\/\/dahmira.pl\/en\/wp-json\/wp\/v2\/product_tag?post=6424"}],"curies":[{"name":"wp","href":"https:\/\/api.w.org\/{rel}","templated":true}]}}