{"id":6418,"date":"2025-02-21T13:02:11","date_gmt":"2025-02-21T10:02:11","guid":{"rendered":"https:\/\/dahmira.pl\/?post_type=product&#038;p=6418"},"modified":"2025-02-25T16:39:00","modified_gmt":"2025-02-25T13:39:00","slug":"przedluzenie-komina-0-4-1-4-m-o-820-mm","status":"publish","type":"product","link":"https:\/\/dahmira.pl\/en\/product\/przedluzenie-komina-0-4-1-4-m-o-820-mm\/","title":{"rendered":"Przed\u0142u\u017cenie komina 0,4 \u2013 1,4 m, \u00d8 820 mm"},"content":{"rendered":"<div><\/div>\n","protected":false},"excerpt":{"rendered":"<p>&#8211; Rura jest wykonana z polietylenu UV, odpornego na promieniowanie s\u0142oneczne<br \/>\n&#8211; Do komina mo\u017cna zastosowa\u0107 mat\u0119 izolacyjn\u0105, aby zapewni\u0107 dobr\u0105 izolacj\u0119, zapobiec tworzeniu si\u0119 skroplin i poprawi\u0107 izolacj\u0119 akustyczn\u0105.<br \/>\n&#8211; Dost\u0119pne w 2 kolorach: bia\u0142ym i czarnym.<\/p>\n","protected":false},"featured_media":6415,"comment_status":"open","ping_status":"closed","template":"","meta":[],"product_cat":[100],"product_tag":[],"_links":{"self":[{"href":"https:\/\/dahmira.pl\/en\/wp-json\/wp\/v2\/product\/6418"}],"collection":[{"href":"https:\/\/dahmira.pl\/en\/wp-json\/wp\/v2\/product"}],"about":[{"href":"https:\/\/dahmira.pl\/en\/wp-json\/wp\/v2\/types\/product"}],"replies":[{"embeddable":true,"href":"https:\/\/dahmira.pl\/en\/wp-json\/wp\/v2\/comments?post=6418"}],"wp:featuredmedia":[{"embeddable":true,"href":"https:\/\/dahmira.pl\/en\/wp-json\/wp\/v2\/media\/6415"}],"wp:attachment":[{"href":"https:\/\/dahmira.pl\/en\/wp-json\/wp\/v2\/media?parent=6418"}],"wp:term":[{"taxonomy":"product_cat","embeddable":true,"href":"https:\/\/dahmira.pl\/en\/wp-json\/wp\/v2\/product_cat?post=6418"},{"taxonomy":"product_tag","embeddable":true,"href":"https:\/\/dahmira.pl\/en\/wp-json\/wp\/v2\/product_tag?post=6418"}],"curies":[{"name":"wp","href":"https:\/\/api.w.org\/{rel}","templated":true}]}}