{"id":6411,"date":"2025-02-21T12:39:18","date_gmt":"2025-02-21T09:39:18","guid":{"rendered":"https:\/\/dahmira.pl\/?post_type=product&#038;p=6411"},"modified":"2025-02-25T16:17:31","modified_gmt":"2025-02-25T13:17:31","slug":"komin-wentylacyjny-nawiewny-bez-gumy-1-4-m-o-630-mm","status":"publish","type":"product","link":"https:\/\/dahmira.pl\/en\/product\/komin-wentylacyjny-nawiewny-bez-gumy-1-4-m-o-630-mm\/","title":{"rendered":"Komin wentylacyjny nawiewny bez gumy 1,4 m, \u00d8 630 mm"},"content":{"rendered":"<div><\/div>\n","protected":false},"excerpt":{"rendered":"<p>&#8211; Komin posiada daszek zapobiegaj\u0105cy przedostawaniu si\u0119 wody opadowej do wn\u0119trza budynku. P\u0142yta daszka jest dostosowana do k\u0105ta nachylenia dachu budynku.<br \/>\n&#8211; Rura wentylacyjna jest wykonana z polietylenu UV, odpornego na promieniowanie s\u0142oneczne<br \/>\n&#8211; Do komina mo\u017cna zastosowa\u0107 mat\u0119 izolacyjn\u0105, aby zapewni\u0107 dobr\u0105 izolacj\u0119, zapobiec tworzeniu si\u0119 skroplin i poprawi\u0107 izolacj\u0119 akustyczn\u0105.<br \/>\n&#8211; Mo\u017cna zainstalowa\u0107 przepustnic\u0119. Przepustnica mo\u017ce by\u0107 sterowana r\u0119cznie lub za pomoc\u0105 motoreduktora.<br \/>\n&#8211; Dost\u0119pny w 2 kolorach: bia\u0142ym i czarnym.<\/p>\n","protected":false},"featured_media":6407,"comment_status":"open","ping_status":"closed","template":"","meta":[],"product_cat":[100],"product_tag":[],"_links":{"self":[{"href":"https:\/\/dahmira.pl\/en\/wp-json\/wp\/v2\/product\/6411"}],"collection":[{"href":"https:\/\/dahmira.pl\/en\/wp-json\/wp\/v2\/product"}],"about":[{"href":"https:\/\/dahmira.pl\/en\/wp-json\/wp\/v2\/types\/product"}],"replies":[{"embeddable":true,"href":"https:\/\/dahmira.pl\/en\/wp-json\/wp\/v2\/comments?post=6411"}],"wp:featuredmedia":[{"embeddable":true,"href":"https:\/\/dahmira.pl\/en\/wp-json\/wp\/v2\/media\/6407"}],"wp:attachment":[{"href":"https:\/\/dahmira.pl\/en\/wp-json\/wp\/v2\/media?parent=6411"}],"wp:term":[{"taxonomy":"product_cat","embeddable":true,"href":"https:\/\/dahmira.pl\/en\/wp-json\/wp\/v2\/product_cat?post=6411"},{"taxonomy":"product_tag","embeddable":true,"href":"https:\/\/dahmira.pl\/en\/wp-json\/wp\/v2\/product_tag?post=6411"}],"curies":[{"name":"wp","href":"https:\/\/api.w.org\/{rel}","templated":true}]}}