{"id":6399,"date":"2025-02-21T00:44:52","date_gmt":"2025-02-20T21:44:52","guid":{"rendered":"https:\/\/dahmira.pl\/?post_type=product&#038;p=6399"},"modified":"2025-02-21T12:28:29","modified_gmt":"2025-02-21T09:28:29","slug":"misa-zaciemniajaca-do-komina-o-820-mm","status":"publish","type":"product","link":"https:\/\/dahmira.pl\/en\/product\/misa-zaciemniajaca-do-komina-o-820-mm\/","title":{"rendered":"Misa zaciemniaj\u0105ca do komina \u00d8 820 mm"},"content":{"rendered":"<div><\/div>\n","protected":false},"excerpt":{"rendered":"<p>Chroni przed promieniami s\u0142onecznymi, kt\u00f3re mog\u0105 dosta\u0107 si\u0119 do budynku przez otw\u00f3r kominowy, a tak\u017ce zbiera wilgo\u0107 i opady atmosferyczne.<\/p>\n<p>Materia\u0142: wysokiej jako\u015bci tworzywo sztuczne<\/p>\n<p>Dost\u0119pna w dw\u00f3ch kolorach: czarnym i bia\u0142ym.<\/p>\n","protected":false},"featured_media":6397,"comment_status":"open","ping_status":"closed","template":"","meta":[],"product_cat":[100],"product_tag":[],"_links":{"self":[{"href":"https:\/\/dahmira.pl\/en\/wp-json\/wp\/v2\/product\/6399"}],"collection":[{"href":"https:\/\/dahmira.pl\/en\/wp-json\/wp\/v2\/product"}],"about":[{"href":"https:\/\/dahmira.pl\/en\/wp-json\/wp\/v2\/types\/product"}],"replies":[{"embeddable":true,"href":"https:\/\/dahmira.pl\/en\/wp-json\/wp\/v2\/comments?post=6399"}],"wp:featuredmedia":[{"embeddable":true,"href":"https:\/\/dahmira.pl\/en\/wp-json\/wp\/v2\/media\/6397"}],"wp:attachment":[{"href":"https:\/\/dahmira.pl\/en\/wp-json\/wp\/v2\/media?parent=6399"}],"wp:term":[{"taxonomy":"product_cat","embeddable":true,"href":"https:\/\/dahmira.pl\/en\/wp-json\/wp\/v2\/product_cat?post=6399"},{"taxonomy":"product_tag","embeddable":true,"href":"https:\/\/dahmira.pl\/en\/wp-json\/wp\/v2\/product_tag?post=6399"}],"curies":[{"name":"wp","href":"https:\/\/api.w.org\/{rel}","templated":true}]}}