{"id":6393,"date":"2025-02-20T23:53:56","date_gmt":"2025-02-20T20:53:56","guid":{"rendered":"https:\/\/dahmira.pl\/?post_type=product&#038;p=6393"},"modified":"2025-02-20T23:54:30","modified_gmt":"2025-02-20T20:54:30","slug":"mata-izolacyjna-do-kominow-19-mm","status":"publish","type":"product","link":"https:\/\/dahmira.pl\/en\/product\/mata-izolacyjna-do-kominow-19-mm\/","title":{"rendered":"Mata izolacyjna do komin\u00f3w, 19 mm"},"content":{"rendered":"<div><\/div>\n","protected":false},"excerpt":{"rendered":"<p>Mata izolacyjna wykonana jest z wodoodpornej gumy piankowej o zamkni\u0119tych kom\u00f3rkach. Jest to mata samogasn\u0105ca, kt\u00f3ra nie tworzy p\u0142on\u0105cych kropli ani nie rozprzestrzenia ognia. Materia\u0142 jest wolny od py\u0142u i w\u0142\u00f3kien, co nadaje si\u0119 idealnie do izolacji komin\u00f3w wentylacyjnych i innych element\u00f3w. Posiada w\u0142a\u015bciwo\u015bci akustyczne i izolacyjne. Materia\u0142 nie wch\u0142ania wilgoci i jest odporny na chemikalia.<\/p>\n<p>&#8211; Samoprzylepna<br \/>\n&#8211; Kolor: czarny<br \/>\n&#8211; Odporno\u015b\u0107 na grzyby i bakterie<br \/>\n&#8211; Grubo\u015b\u0107: 19 mm<\/p>\n","protected":false},"featured_media":6394,"comment_status":"open","ping_status":"closed","template":"","meta":[],"product_cat":[100],"product_tag":[],"_links":{"self":[{"href":"https:\/\/dahmira.pl\/en\/wp-json\/wp\/v2\/product\/6393"}],"collection":[{"href":"https:\/\/dahmira.pl\/en\/wp-json\/wp\/v2\/product"}],"about":[{"href":"https:\/\/dahmira.pl\/en\/wp-json\/wp\/v2\/types\/product"}],"replies":[{"embeddable":true,"href":"https:\/\/dahmira.pl\/en\/wp-json\/wp\/v2\/comments?post=6393"}],"wp:featuredmedia":[{"embeddable":true,"href":"https:\/\/dahmira.pl\/en\/wp-json\/wp\/v2\/media\/6394"}],"wp:attachment":[{"href":"https:\/\/dahmira.pl\/en\/wp-json\/wp\/v2\/media?parent=6393"}],"wp:term":[{"taxonomy":"product_cat","embeddable":true,"href":"https:\/\/dahmira.pl\/en\/wp-json\/wp\/v2\/product_cat?post=6393"},{"taxonomy":"product_tag","embeddable":true,"href":"https:\/\/dahmira.pl\/en\/wp-json\/wp\/v2\/product_tag?post=6393"}],"curies":[{"name":"wp","href":"https:\/\/api.w.org\/{rel}","templated":true}]}}