{"id":6389,"date":"2025-02-20T19:41:36","date_gmt":"2025-02-20T16:41:36","guid":{"rendered":"https:\/\/dahmira.pl\/?post_type=product&#038;p=6389"},"modified":"2025-02-21T12:26:21","modified_gmt":"2025-02-21T09:26:21","slug":"komin-wentylacyjny-bez-gumy-1-4-m-o-630-mm","status":"publish","type":"product","link":"https:\/\/dahmira.pl\/en\/product\/komin-wentylacyjny-bez-gumy-1-4-m-o-630-mm\/","title":{"rendered":"Komin wentylacyjny bez gumy 1,4 m, \u00d8 630 mm"},"content":{"rendered":"<div><\/div>\n","protected":false},"excerpt":{"rendered":"<p>&#8211; Rura jest wykonana z polietylenu UV, odpornego na promieniowanie s\u0142oneczne, o grubo\u015bci 3-4 mm w zale\u017cno\u015bci od \u015brednicy i d\u0142ugo\u015bci dostosowanej do konstrukcji budynku.<br \/>\n&#8211; Na g\u00f3rze zamontowany jest zaw\u00f3r motylowy wykonany z stali kwasoodpornej oraz tworzywa sztucznego (ABS). Zaw\u00f3r motylowy otwiera si\u0119 automatycznie w chwili w\u0142\u0105czenia si\u0119 wentylatora. Mo\u017cliwy jest r\u00f3wnie\u017c monta\u017c zaworu na dole komina.<br \/>\n&#8211; Komin wyci\u0105gowy z pier\u015bcieniem wlotu powietrza oraz z deflektorem sto\u017ckowym zwi\u0119ksza wydajno\u015b\u0107 wentylatora r\u00f3wnocze\u015bnie obni\u017ca zu\u017cycie energii.<br \/>\n&#8211; Mo\u017cna zainstalowa\u0107 przepustnic\u0119. Przepustnica mo\u017ce by\u0107 sterowana r\u0119cznie lub za pomoc\u0105 motoreduktora.<br \/>\n&#8211;\u00a0Dost\u0119pny w wersji ocieplanej. Do komina mo\u017cna zastosowa\u0107 mat\u0119 izolacyjn\u0105, aby zapewni\u0107 dobr\u0105 izolacj\u0119, zapobiec tworzeniu si\u0119 skroplin i poprawi\u0107 izolacj\u0119 akustyczn\u0105.<br \/>\n&#8211; System zaczep\u00f3w umo\u017cliwiaj\u0105cy od\u0142\u0105czenie dolnej cz\u0119\u015bci komina, co pozwala na szybsze serwisowanie oraz skuteczniejsze czyszczenie i dezynfekcj\u0119 komina wentylacyjnego.<br \/>\n&#8211; P\u0142yty dachowe spawane (PE) lub p\u0142yty uniwersalne (membrana EPDM)<br \/>\n&#8211; Mo\u017ce by\u0107 w kolorze bia\u0142ym lub czarnym.<\/p>\n","protected":false},"featured_media":6373,"comment_status":"open","ping_status":"closed","template":"","meta":[],"product_cat":[100],"product_tag":[],"_links":{"self":[{"href":"https:\/\/dahmira.pl\/en\/wp-json\/wp\/v2\/product\/6389"}],"collection":[{"href":"https:\/\/dahmira.pl\/en\/wp-json\/wp\/v2\/product"}],"about":[{"href":"https:\/\/dahmira.pl\/en\/wp-json\/wp\/v2\/types\/product"}],"replies":[{"embeddable":true,"href":"https:\/\/dahmira.pl\/en\/wp-json\/wp\/v2\/comments?post=6389"}],"wp:featuredmedia":[{"embeddable":true,"href":"https:\/\/dahmira.pl\/en\/wp-json\/wp\/v2\/media\/6373"}],"wp:attachment":[{"href":"https:\/\/dahmira.pl\/en\/wp-json\/wp\/v2\/media?parent=6389"}],"wp:term":[{"taxonomy":"product_cat","embeddable":true,"href":"https:\/\/dahmira.pl\/en\/wp-json\/wp\/v2\/product_cat?post=6389"},{"taxonomy":"product_tag","embeddable":true,"href":"https:\/\/dahmira.pl\/en\/wp-json\/wp\/v2\/product_tag?post=6389"}],"curies":[{"name":"wp","href":"https:\/\/api.w.org\/{rel}","templated":true}]}}