{"id":6342,"date":"2025-02-20T12:02:33","date_gmt":"2025-02-20T09:02:33","guid":{"rendered":"https:\/\/dahmira.pl\/?post_type=product&#038;p=6342"},"modified":"2025-02-20T13:21:53","modified_gmt":"2025-02-20T10:21:53","slug":"automat-paszowy-dla-tucznikow-30-125-kg-3-stanowiskowy","status":"publish","type":"product","link":"https:\/\/dahmira.pl\/en\/product\/automat-paszowy-dla-tucznikow-30-125-kg-3-stanowiskowy\/","title":{"rendered":"Automat paszowy dla tucznik\u00f3w 30-125 kg,<br>3-stanowiskowy"},"content":{"rendered":"<div><\/div>\n","protected":false},"excerpt":{"rendered":"<p>Przeznaczony jest do karmienia na mokro tucznik\u00f3w o wadze od 30 kg.<br \/>\nPojemno\u015b\u0107: 131\/188 kg\/l<br \/>\nPrzeznaczony dla 32-49 \u015bwi\u0144<\/p>\n<p style=\"text-align: left;\"><strong>Zalety:<\/strong><\/p>\n<p>&#8211; Stabilna konstrukcja<br \/>\n&#8211; Wykonany w ca\u0142o\u015bci z p\u0142yty PE o grubo\u015bci 12 mm<br \/>\n&#8211; \u0141\u0105czniki i mocowania wykonane ze stali kwasoodpornej\u0141atwe dozowanie ilo\u015bci paszy<br \/>\n&#8211; Najwy\u017csza jako\u015b\u0107<br \/>\n&#8211; Idealnie wyprofilowane koryto u\u0142atwiaj\u0105ce pobieranie paszy<br \/>\n&#8211;\u00a0Dost\u0119pny r\u00f3wnie\u017c w wersji dwustronnej<\/p>\n<table class=\"product-table\">\n<thead>\n<tr>\n<td width=\"76\"><\/td>\n<td width=\"68\"><strong>A<\/strong><\/td>\n<td width=\"67\"><strong>B<\/strong><\/td>\n<td width=\"67\"><strong>C<\/strong><\/td>\n<td width=\"67\"><strong>D<\/strong><\/td>\n<\/tr>\n<\/thead>\n<tbody>\n<tr>\n<td width=\"76\"><span style=\"color: #008000;\"><strong>Wymiary<\/strong><\/span><\/td>\n<td width=\"68\">1000 mm<\/td>\n<td width=\"67\">1005 mm<\/td>\n<td width=\"67\">350 mm<\/td>\n<td width=\"67\">160 mm<\/td>\n<\/tr>\n<\/tbody>\n<\/table>\n","protected":false},"featured_media":6335,"comment_status":"open","ping_status":"closed","template":"","meta":[],"product_cat":[99],"product_tag":[],"_links":{"self":[{"href":"https:\/\/dahmira.pl\/en\/wp-json\/wp\/v2\/product\/6342"}],"collection":[{"href":"https:\/\/dahmira.pl\/en\/wp-json\/wp\/v2\/product"}],"about":[{"href":"https:\/\/dahmira.pl\/en\/wp-json\/wp\/v2\/types\/product"}],"replies":[{"embeddable":true,"href":"https:\/\/dahmira.pl\/en\/wp-json\/wp\/v2\/comments?post=6342"}],"wp:featuredmedia":[{"embeddable":true,"href":"https:\/\/dahmira.pl\/en\/wp-json\/wp\/v2\/media\/6335"}],"wp:attachment":[{"href":"https:\/\/dahmira.pl\/en\/wp-json\/wp\/v2\/media?parent=6342"}],"wp:term":[{"taxonomy":"product_cat","embeddable":true,"href":"https:\/\/dahmira.pl\/en\/wp-json\/wp\/v2\/product_cat?post=6342"},{"taxonomy":"product_tag","embeddable":true,"href":"https:\/\/dahmira.pl\/en\/wp-json\/wp\/v2\/product_tag?post=6342"}],"curies":[{"name":"wp","href":"https:\/\/api.w.org\/{rel}","templated":true}]}}