{"id":6334,"date":"2025-02-20T11:14:01","date_gmt":"2025-02-20T08:14:01","guid":{"rendered":"https:\/\/dahmira.pl\/?post_type=product&#038;p=6334"},"modified":"2025-02-20T12:23:13","modified_gmt":"2025-02-20T09:23:13","slug":"automat-paszowy-dla-tucznikow-30-125-kg-1-stanowiskowy-dwustronny","status":"publish","type":"product","link":"https:\/\/dahmira.pl\/en\/product\/automat-paszowy-dla-tucznikow-30-125-kg-1-stanowiskowy-dwustronny\/","title":{"rendered":"Automat paszowy dla tucznik\u00f3w 30-125 kg,<br>1-stanowiskowy, dwustronny"},"content":{"rendered":"<div><\/div>\n","protected":false},"excerpt":{"rendered":"<p>Przeznaczony jest do karmienia na mokro tucznik\u00f3w o wadze od 30 kg. Automat jest wyposa\u017cony w precyzyjn\u0105 p\u0142ynn\u0105 regulacj\u0119.<br \/>\nPojemno\u015b\u0107: 86\/124 kg\/l<br \/>\nPrzeznaczony dla 16-24 \u015bwi\u0144<\/p>\n<p style=\"text-align: left;\"><strong>Zalety:<\/strong><\/p>\n<p>&#8211; Dwustronny, nie zajmuje du\u017co miejsca<br \/>\n&#8211; Stabilna konstrukcja<br \/>\n&#8211; Wykonany w ca\u0142o\u015bci z p\u0142yty PE o grubo\u015bci 12 mm<br \/>\n&#8211; \u0141\u0105czniki i mocowania wykonane ze stali kwasoodpornej\u0141atwe dozowanie ilo\u015bci paszy<br \/>\n&#8211; Najwy\u017csza jako\u015b\u0107<br \/>\n&#8211; Idealnie wyprofilowane koryto u\u0142atwiaj\u0105ce pobieranie paszy<\/p>\n<table class=\"product-table\">\n<thead>\n<tr>\n<td width=\"76\"><\/td>\n<td width=\"68\"><strong>A<\/strong><\/td>\n<td width=\"67\"><strong>B<\/strong><\/td>\n<td width=\"67\"><strong>C<\/strong><\/td>\n<td width=\"67\"><strong>D<\/strong><\/td>\n<\/tr>\n<\/thead>\n<tbody>\n<tr>\n<td width=\"76\"><span style=\"color: #008000;\"><strong>Wymiary<\/strong><\/span><\/td>\n<td width=\"68\">1000 mm<\/td>\n<td width=\"67\">345 mm<\/td>\n<td width=\"67\">700 mm<\/td>\n<td width=\"67\">160 mm<\/td>\n<\/tr>\n<\/tbody>\n<\/table>\n","protected":false},"featured_media":6345,"comment_status":"open","ping_status":"closed","template":"","meta":[],"product_cat":[99],"product_tag":[],"_links":{"self":[{"href":"https:\/\/dahmira.pl\/en\/wp-json\/wp\/v2\/product\/6334"}],"collection":[{"href":"https:\/\/dahmira.pl\/en\/wp-json\/wp\/v2\/product"}],"about":[{"href":"https:\/\/dahmira.pl\/en\/wp-json\/wp\/v2\/types\/product"}],"replies":[{"embeddable":true,"href":"https:\/\/dahmira.pl\/en\/wp-json\/wp\/v2\/comments?post=6334"}],"wp:featuredmedia":[{"embeddable":true,"href":"https:\/\/dahmira.pl\/en\/wp-json\/wp\/v2\/media\/6345"}],"wp:attachment":[{"href":"https:\/\/dahmira.pl\/en\/wp-json\/wp\/v2\/media?parent=6334"}],"wp:term":[{"taxonomy":"product_cat","embeddable":true,"href":"https:\/\/dahmira.pl\/en\/wp-json\/wp\/v2\/product_cat?post=6334"},{"taxonomy":"product_tag","embeddable":true,"href":"https:\/\/dahmira.pl\/en\/wp-json\/wp\/v2\/product_tag?post=6334"}],"curies":[{"name":"wp","href":"https:\/\/api.w.org\/{rel}","templated":true}]}}