{"id":6155,"date":"2025-02-06T13:39:03","date_gmt":"2025-02-06T10:39:03","guid":{"rendered":"https:\/\/dahmira.pl\/?post_type=product&#038;p=6155"},"modified":"2026-05-07T09:50:35","modified_gmt":"2026-05-07T06:50:35","slug":"pompa-dozujaca-dosatak-0-1-0-5-do-hodowli-zwierzat","status":"publish","type":"product","link":"https:\/\/dahmira.pl\/en\/product\/pompa-dozujaca-dosatak-0-1-0-5-do-hodowli-zwierzat\/","title":{"rendered":"Pompa dozuj\u0105ca Dosatak 0,1\u20130,5% do hodowli zwierz\u0105t"},"content":{"rendered":"<p>Dosatak\u00ae Kobra musi by\u0107 zainstalowany w przewodzie wodnym w \u0142atwo dost\u0119pnym miejscu, pomi\u0119dzy zbiornikiem wodnym a poid\u0142em dla zwierz\u0105t, systemem nawadniaj\u0105cym lub urz\u0105dzeniem hydraulicznym.<\/p>\n<h3 style=\"text-align: center;\">Zalety<\/h3>\n<ul>\n<li><strong>Automatyczne, sta\u0142e i dok\u0142adne dozowanie.<\/strong>\u00a0Automatyczne i dok\u0142adne dozowanie, zapewniaj\u0105ce kontrol\u0119 st\u0119\u017cenia substancji nawet przy wahaniach przep\u0142ywu i ci\u015bnienia w sieci, bez potrzeby u\u017cycia energii elektrycznej.<\/li>\n<li><strong>Trwa\u0142o\u015b\u0107, wytrzyma\u0142o\u015b\u0107 i d\u0142ugowieczno\u015b\u0107. <\/strong>\u00a0Dozownik jest wykonany z trwa\u0142ych materia\u0142\u00f3w, aby wytrzyma\u0107 niekorzystne warunki, nawet przy twardej wodzie. Trwa\u0142y system membranowy wymagaj\u0105cy mniejszych koszt\u00f3w konserwacji i wymiany.<\/li>\n<li><strong>Gwarantowane wsparcie techniczne. <\/strong>Specjalny zesp\u00f3\u0142 techniczny zapewnia skuteczn\u0105 obs\u0142ug\u0119 i \u0142atwy dost\u0119p do cz\u0119\u015bci zamiennych.<\/li>\n<li><strong>Wydajno\u015b\u0107 i oszcz\u0119dno\u015b\u0107 zasob\u00f3w. <\/strong>Brak potrzeby u\u017cycia energii elektrycznej. \u0141atwa instalacja i konserwacja<\/li>\n<li><strong>Bezpiecze\u0144stwo i przestrzeganie norm sanitarnych. <\/strong>Kontrolowane dozowanie, minimalizuj\u0105ce ryzyko zanieczyszczenia i niew\u0142a\u015bciwego mieszania.<\/li>\n<li><strong>Automatyzacja i zmniejszenie nak\u0142adu pracy. <\/strong>Zautomatyzowane dozowanie eliminuje potrzeb\u0119 r\u0119cznej interwencji, zapewniaj\u0105c sp\u00f3jno\u015b\u0107 dzia\u0142ania. Pozwala pracownikom skupi\u0107 si\u0119 na bardziej produktywnych zadaniach.<\/li>\n<\/ul>\n<table class=\"product-table\" width=\"0\">\n<thead>\n<tr>\n<td colspan=\"3\" width=\"709\"><strong>Dane techniczne<\/strong><\/td>\n<\/tr>\n<\/thead>\n<tbody>\n<tr>\n<td style=\"text-align: left;\" width=\"255\">Regulowany zakres dozowania<\/td>\n<td style=\"text-align: left;\" width=\"265\">1:1000-1:200<\/td>\n<\/tr>\n<tr>\n<td style=\"text-align: left;\" width=\"255\">Zakres przep\u0142ywu wody<\/td>\n<td style=\"text-align: left;\" colspan=\"2\" width=\"454\">4,5 l\/h &#8211; 2,5 m\u00b3\/h (0,075 l\/min &#8211; 41,66 l\/min)<\/td>\n<\/tr>\n<tr>\n<td style=\"text-align: left;\" width=\"255\">Ci\u015bnienie robocze<\/td>\n<td style=\"text-align: left;\" colspan=\"2\" width=\"454\">0,21 &#8211; 5,5 bar (3 &#8211; 80 PSI)<\/td>\n<\/tr>\n<tr>\n<td style=\"text-align: left;\" width=\"255\">Zasysanie koncentratu<\/td>\n<td style=\"text-align: left;\" colspan=\"2\" width=\"454\">0,0045 &#8211; 12,5 l\/h<\/td>\n<\/tr>\n<tr>\n<td style=\"text-align: left;\" width=\"255\">Przybli\u017cona obj\u0119to\u015b\u0107 na jeden cykl<\/td>\n<td style=\"text-align: left;\" colspan=\"2\" width=\"454\">0,475 l<\/td>\n<\/tr>\n<tr>\n<td style=\"text-align: left;\" width=\"255\">Zakres temperatury roboczej<\/td>\n<td style=\"text-align: left;\" colspan=\"2\" width=\"454\">od 5\u00b0 do 40\u00b0C<\/td>\n<\/tr>\n<tr>\n<td style=\"text-align: left;\" width=\"255\">Wej\u015bcie \/ Wyj\u015bcie<\/td>\n<td style=\"text-align: left;\" colspan=\"2\" width=\"454\">\u00a0Gwint zewn\u0119trzny \u00be&#8221; BSP &#8211; NPT<\/td>\n<\/tr>\n<\/tbody>\n<\/table>\n<h3 style=\"text-align: center;\"><img loading=\"lazy\" decoding=\"async\" class=\"alignnone wp-image-8613\" src=\"https:\/\/dahmira.pl\/wp-content\/uploads\/2026\/04\/img64200-e1775035655386.png\" alt=\"\" width=\"1010\" height=\"411\" \/><\/h3>\n<div style=\"width: 1920px;\" class=\"wp-video\"><!--[if lt IE 9]><script>document.createElement('video');<\/script><![endif]-->\n<video class=\"wp-video-shortcode\" id=\"video-6155-1\" width=\"1920\" height=\"1080\" preload=\"metadata\" controls=\"controls\"><source type=\"video\/mp4\" src=\"https:\/\/dahmira.pl\/wp-content\/uploads\/2025\/02\/Video-Dosatak-Ingles__ALTA_3D.mp4?_=1\" \/><a href=\"https:\/\/dahmira.pl\/wp-content\/uploads\/2025\/02\/Video-Dosatak-Ingles__ALTA_3D.mp4\">https:\/\/dahmira.pl\/wp-content\/uploads\/2025\/02\/Video-Dosatak-Ingles__ALTA_3D.mp4<\/a><\/video><\/div>\n","protected":false},"excerpt":{"rendered":"<p>Dosatak\u00ae Kobra to wolumetryczne i proporcjonalne urz\u0105dzenie do dozowania cieczy, nap\u0119dzane wy\u0142\u0105cznie ci\u015bnieniem wody. Wykonany z materia\u0142\u00f3w o wysokiej wytrzyma\u0142o\u015bci, dozownik Dosatak posiada system membranowy o du\u017cej trwa\u0142o\u015bci, nawet w obecno\u015bci twardej wody. System ten zapewnia precyzyjne i automatyczne zasysanie cieczy przeznaczonej do dozowania, jej rozcie\u0144czanie w wodzie oraz wtrysk do sieci hydraulicznej, bez potrzeby u\u017cycia energii elektrycznej. Ilo\u015b\u0107 podawanego produktu jest zawsze proporcjonalna do obj\u0119to\u015bci wody przep\u0142ywaj\u0105cej przez Dosatak, niezale\u017cnie od waha\u0144 przep\u0142ywu czy ci\u015bnienia w granicach okre\u015blonych parametr\u00f3w.<\/p>\n<p>Nadaje si\u0119 do dozowania lek\u00f3w, \u015brodk\u00f3w dezynfekuj\u0105cych, sanitarnych oraz witamin w instalacjach hydraulicznych w fermach trzody chlewnej i drobiu, w przemy\u015ble spo\u017cywczym, jak r\u00f3wnie\u017c w innych zastosowaniach.<\/p>\n<p>Ma znacz\u0105c\u0105 r\u00f3\u017cnic\u0119 w por\u00f3wnaniu z podobnymi modelami na rynku &#8211; zamiast t\u0142oka wewn\u0105trz pompy zastosowano membran\u0119, co znacznie wyd\u0142u\u017ca \u017cywotno\u015b\u0107 pompy.<\/p>\n","protected":false},"featured_media":6157,"comment_status":"open","ping_status":"closed","template":"","meta":[],"product_cat":[106,126,102,86,97],"product_tag":[],"_links":{"self":[{"href":"https:\/\/dahmira.pl\/en\/wp-json\/wp\/v2\/product\/6155"}],"collection":[{"href":"https:\/\/dahmira.pl\/en\/wp-json\/wp\/v2\/product"}],"about":[{"href":"https:\/\/dahmira.pl\/en\/wp-json\/wp\/v2\/types\/product"}],"replies":[{"embeddable":true,"href":"https:\/\/dahmira.pl\/en\/wp-json\/wp\/v2\/comments?post=6155"}],"wp:featuredmedia":[{"embeddable":true,"href":"https:\/\/dahmira.pl\/en\/wp-json\/wp\/v2\/media\/6157"}],"wp:attachment":[{"href":"https:\/\/dahmira.pl\/en\/wp-json\/wp\/v2\/media?parent=6155"}],"wp:term":[{"taxonomy":"product_cat","embeddable":true,"href":"https:\/\/dahmira.pl\/en\/wp-json\/wp\/v2\/product_cat?post=6155"},{"taxonomy":"product_tag","embeddable":true,"href":"https:\/\/dahmira.pl\/en\/wp-json\/wp\/v2\/product_tag?post=6155"}],"curies":[{"name":"wp","href":"https:\/\/api.w.org\/{rel}","templated":true}]}}