{"id":5896,"date":"2024-12-10T15:08:54","date_gmt":"2024-12-10T12:08:54","guid":{"rendered":"https:\/\/dahmira.pl\/?post_type=product&#038;p=5896"},"modified":"2025-12-26T16:23:47","modified_gmt":"2025-12-26T13:23:47","slug":"3-czesciowa-klapa-obrotowa-do-zaworow-multimix","status":"publish","type":"product","link":"https:\/\/dahmira.pl\/en\/product\/3-czesciowa-klapa-obrotowa-do-zaworow-multimix\/","title":{"rendered":"3-cz\u0119\u015bciowa klapa obrotowa do zawor\u00f3w Multimix"},"content":{"rendered":"<div><\/div>\n","protected":false},"excerpt":{"rendered":"<p>Wygodna wymiana klapy obrotowej dla systemu 60\/63. Mo\u017cliwo\u015b\u0107 instalacji bez od\u0142\u0105czania kabla.<\/p>\n","protected":false},"featured_media":5897,"comment_status":"open","ping_status":"closed","template":"","meta":[],"product_cat":[72],"product_tag":[],"_links":{"self":[{"href":"https:\/\/dahmira.pl\/en\/wp-json\/wp\/v2\/product\/5896"}],"collection":[{"href":"https:\/\/dahmira.pl\/en\/wp-json\/wp\/v2\/product"}],"about":[{"href":"https:\/\/dahmira.pl\/en\/wp-json\/wp\/v2\/types\/product"}],"replies":[{"embeddable":true,"href":"https:\/\/dahmira.pl\/en\/wp-json\/wp\/v2\/comments?post=5896"}],"wp:featuredmedia":[{"embeddable":true,"href":"https:\/\/dahmira.pl\/en\/wp-json\/wp\/v2\/media\/5897"}],"wp:attachment":[{"href":"https:\/\/dahmira.pl\/en\/wp-json\/wp\/v2\/media?parent=5896"}],"wp:term":[{"taxonomy":"product_cat","embeddable":true,"href":"https:\/\/dahmira.pl\/en\/wp-json\/wp\/v2\/product_cat?post=5896"},{"taxonomy":"product_tag","embeddable":true,"href":"https:\/\/dahmira.pl\/en\/wp-json\/wp\/v2\/product_tag?post=5896"}],"curies":[{"name":"wp","href":"https:\/\/api.w.org\/{rel}","templated":true}]}}