{"id":5852,"date":"2024-12-04T14:38:16","date_gmt":"2024-12-04T11:38:16","guid":{"rendered":"https:\/\/dahmira.pl\/?post_type=product&#038;p=5852"},"modified":"2024-12-04T14:38:17","modified_gmt":"2024-12-04T11:38:17","slug":"adaptery-do-dozownikow-i-rur-roznych-srednic","status":"publish","type":"product","link":"https:\/\/dahmira.pl\/en\/product\/adaptery-do-dozownikow-i-rur-roznych-srednic\/","title":{"rendered":"Adaptery do dozownik\u00f3w i rur r\u00f3\u017cnych \u015brednic"},"content":{"rendered":"<div><\/div>\n","protected":false},"excerpt":{"rendered":"<p>Przeznaczone do okr\u0105g\u0142ych i Bio-Fix dozownik\u00f3w<\/p>\n<table class=\"product-table\">\n<tbody>\n<tr>\n<td width=\"75\">038330<\/td>\n<td width=\"97\"><img loading=\"lazy\" decoding=\"async\" class=\"wp-image-5606 aligncenter\" src=\"https:\/\/dahmira.com.ua\/wp-content\/uploads\/2024\/11\/Adapter-1-300x217.png\" alt=\"\" width=\"91\" height=\"66\" \/><\/td>\n<td style=\"text-align: left;\" width=\"394\">Adapter do rury \u00d8 38 mm (1\u00bd&#8221;)<\/td>\n<\/tr>\n<tr>\n<td width=\"75\">045330<\/td>\n<td width=\"97\"><img loading=\"lazy\" decoding=\"async\" class=\"wp-image-5605 aligncenter\" src=\"https:\/\/dahmira.com.ua\/wp-content\/uploads\/2024\/11\/Adapter-2-300x216.png\" alt=\"\" width=\"90\" height=\"65\" \/><\/td>\n<td style=\"text-align: left;\" width=\"394\">Adapter do rury \u00d8 45 mm<\/td>\n<\/tr>\n<tr>\n<td width=\"75\">050330<\/td>\n<td width=\"97\"><img loading=\"lazy\" decoding=\"async\" class=\"wp-image-5604 aligncenter\" src=\"https:\/\/dahmira.com.ua\/wp-content\/uploads\/2024\/11\/Adapter-3-300x216.png\" alt=\"\" width=\"90\" height=\"65\" \/><\/td>\n<td style=\"text-align: left;\" width=\"394\">Adapter do rury \u00d8 50,8 mm (2&#8243;)<\/td>\n<\/tr>\n<tr>\n<td width=\"75\">055330<\/td>\n<td width=\"97\"><img loading=\"lazy\" decoding=\"async\" class=\"wp-image-5603 aligncenter\" src=\"https:\/\/dahmira.com.ua\/wp-content\/uploads\/2024\/11\/Adapter-4-300x204.png\" alt=\"\" width=\"91\" height=\"62\" \/><\/td>\n<td style=\"text-align: left;\" width=\"394\">Adapter do rury \u00d8 55 mm<\/td>\n<\/tr>\n<tr>\n<td width=\"75\">060330<\/td>\n<td width=\"97\"><img loading=\"lazy\" decoding=\"async\" class=\"wp-image-5608 aligncenter\" src=\"https:\/\/dahmira.com.ua\/wp-content\/uploads\/2024\/11\/Adapter-5-300x123.png\" alt=\"\" width=\"95\" height=\"39\" \/><\/td>\n<td style=\"text-align: left;\" width=\"394\">Adapter do rury \u00d8 60 mm<\/td>\n<\/tr>\n<\/tbody>\n<\/table>\n","protected":false},"featured_media":5853,"comment_status":"open","ping_status":"closed","template":"","meta":[],"product_cat":[72],"product_tag":[],"_links":{"self":[{"href":"https:\/\/dahmira.pl\/en\/wp-json\/wp\/v2\/product\/5852"}],"collection":[{"href":"https:\/\/dahmira.pl\/en\/wp-json\/wp\/v2\/product"}],"about":[{"href":"https:\/\/dahmira.pl\/en\/wp-json\/wp\/v2\/types\/product"}],"replies":[{"embeddable":true,"href":"https:\/\/dahmira.pl\/en\/wp-json\/wp\/v2\/comments?post=5852"}],"wp:featuredmedia":[{"embeddable":true,"href":"https:\/\/dahmira.pl\/en\/wp-json\/wp\/v2\/media\/5853"}],"wp:attachment":[{"href":"https:\/\/dahmira.pl\/en\/wp-json\/wp\/v2\/media?parent=5852"}],"wp:term":[{"taxonomy":"product_cat","embeddable":true,"href":"https:\/\/dahmira.pl\/en\/wp-json\/wp\/v2\/product_cat?post=5852"},{"taxonomy":"product_tag","embeddable":true,"href":"https:\/\/dahmira.pl\/en\/wp-json\/wp\/v2\/product_tag?post=5852"}],"curies":[{"name":"wp","href":"https:\/\/api.w.org\/{rel}","templated":true}]}}